{"id":49088,"date":"2025-11-08T20:10:12","date_gmt":"2025-11-08T19:10:12","guid":{"rendered":"https:\/\/gruendau.gemeinde-entwickler.de\/den-beliebten-gutschein-gruendauer-online-kaufen\/"},"modified":"2025-11-26T10:10:14","modified_gmt":"2025-11-26T09:10:14","slug":"den-beliebten-gutschein-gruendauer-online-kaufen","status":"publish","type":"page","link":"https:\/\/www.gruendau.info\/en\/den-beliebten-gutschein-gruendauer-online-kaufen\/","title":{"rendered":"Den beliebten Gutschein &#8222;Gr\u00fcndauer&#8220; online kaufen!"},"content":{"rendered":"<div data-elementor-type=\"wp-page\" data-elementor-id=\"49088\" class=\"elementor elementor-49088\" data-elementor-post-type=\"page\">\n\t\t\t\t<div class=\"elementor-element elementor-element-72ba572 elementor-repeater-item-ang_container_padding_3 sk-dark-bg e-flex e-con-boxed elementor-repeater-item-none elementor-repeater-item-none_hover e-con e-parent\" data-id=\"72ba572\" data-element_type=\"container\" data-e-type=\"container\" data-settings=\"{&quot;jet_parallax_layout_list&quot;:[],&quot;background_background&quot;:&quot;classic&quot;,&quot;ang_container_spacing_size&quot;:&quot;ang_container_padding_3&quot;}\">\n\t\t\t\t\t<div class=\"e-con-inner\">\n\t\t<div class=\"elementor-element elementor-element-2c658f2 e-con-full sk-light-bg e-flex elementor-repeater-item-default_padding elementor-repeater-item-none elementor-repeater-item-none_hover e-con e-child\" data-id=\"2c658f2\" data-element_type=\"container\" data-e-type=\"container\" data-settings=\"{&quot;background_background&quot;:&quot;classic&quot;,&quot;jet_parallax_layout_list&quot;:[],&quot;animation&quot;:&quot;none&quot;,&quot;ang_container_spacing_size&quot;:&quot;default_padding&quot;}\">\n\t\t<div class=\"elementor-element elementor-element-db88e46 e-con-full elementor-repeater-item-ang_container_padding_4 elementor-repeater-item-none_hover e-flex elementor-repeater-item-none e-con e-child\" data-id=\"db88e46\" data-element_type=\"container\" data-e-type=\"container\" data-settings=\"{&quot;ang_container_spacing_size&quot;:&quot;ang_container_padding_4&quot;,&quot;jet_parallax_layout_list&quot;:[]}\">\n\t\t\t\t<div class=\"elementor-element elementor-element-497649f elementor-repeater-item-none elementor-repeater-item-none_hover elementor-widget elementor-widget-text-editor\" data-id=\"497649f\" data-element_type=\"widget\" data-e-type=\"widget\" data-widget_type=\"text-editor.default\">\n\t\t\t\t<div class=\"elementor-widget-container\">\n\t\t\t\t\t\t\t\t\t<p>Unterst\u00fctze den lokalen Einzelhandel\/Unternehmer und kaufe mit den <b><a href=\"http:\/\/gruendauer.eu\/\" target=\"_blank\" rel=\"noopener noreferrer nofollow\">Gr\u00fcndauer Einkaufsgutscheinen<\/a><\/b> in \u00fcber 70 Gr\u00fcndauer Gesch\u00e4ften ein.<\/p><p>Mit dem <a href=\"http:\/\/gruendauer.eu\/\" target=\"_blank\" rel=\"noopener noreferrer nofollow\"><b>Gr\u00fcndauer<\/b><\/a> haben Sie immer die freie Auswahl! Hier erfahren Sie, wo Sie den Geschenkgutschein einl\u00f6sen oder diese zum selber verschenken kaufen k\u00f6nnen<\/p>\t\t\t\t\t\t\t\t<\/div>\n\t\t\t\t<\/div>\n\t\t<a class=\"elementor-element elementor-element-5a4c035 e-con-full elementor-repeater-item-ang_container_padding_10 hover-grow e-flex sk-none elementor-repeater-item-none elementor-repeater-item-none_hover e-con e-child\" data-id=\"5a4c035\" data-element_type=\"container\" data-e-type=\"container\" data-settings=\"{&quot;jet_parallax_layout_list&quot;:[],&quot;ang_container_spacing_size&quot;:&quot;ang_container_padding_10&quot;,&quot;background_background&quot;:&quot;classic&quot;}\" href=\"https:\/\/gruendauer.eu\" target=\"_blank\" rel=\"noopener noreferrer nofollow\">\n\t\t\t\t<div class=\"elementor-element elementor-element-2ca0146 elementor-widget__width-inherit elementor-icon-list--layout-traditional elementor-list-item-link-full_width elementor-repeater-item-none elementor-repeater-item-none_hover elementor-widget elementor-widget-icon-list\" data-id=\"2ca0146\" data-element_type=\"widget\" data-e-type=\"widget\" data-widget_type=\"icon-list.default\">\n\t\t\t\t<div class=\"elementor-widget-container\">\n\t\t\t\t\t\t\t<ul class=\"elementor-icon-list-items\">\n\t\t\t\t\t\t\t<li class=\"elementor-icon-list-item\">\n\t\t\t\t\t\t\t\t\t\t\t<span class=\"elementor-icon-list-icon\">\n\t\t\t\t\t\t\t<svg aria-hidden=\"true\" class=\"e-font-icon-svg e-fas-external-link-square-alt\" viewbox=\"0 0 448 512\" xmlns=\"http:\/\/www.w3.org\/2000\/svg\"><path d=\"M448 80v352c0 26.51-21.49 48-48 48H48c-26.51 0-48-21.49-48-48V80c0-26.51 21.49-48 48-48h352c26.51 0 48 21.49 48 48zm-88 16H248.029c-21.313 0-32.08 25.861-16.971 40.971l31.984 31.987L67.515 364.485c-4.686 4.686-4.686 12.284 0 16.971l31.029 31.029c4.687 4.686 12.285 4.686 16.971 0l195.526-195.526 31.988 31.991C358.058 263.977 384 253.425 384 231.979V120c0-13.255-10.745-24-24-24z\"><\/path><\/svg>\t\t\t\t\t\t<\/span>\n\t\t\t\t\t\t\t\t\t\t<span class=\"elementor-icon-list-text\">Einkaufsgutschein Gr\u00fcndauer<\/span>\n\t\t\t\t\t\t\t\t\t<\/li>\n\t\t\t\t\t\t<\/ul>\n\t\t\t\t\t\t<\/div>\n\t\t\t\t<\/div>\n\t\t\t\t<\/a>\n\t\t\t\t<\/div>\n\t\t<div class=\"elementor-element elementor-element-468820f e-con-full elementor-repeater-item-none_hover e-flex elementor-repeater-item-default_padding sk-none elementor-repeater-item-none e-con e-child\" data-id=\"468820f\" data-element_type=\"container\" data-e-type=\"container\" data-settings=\"{&quot;background_background&quot;:&quot;classic&quot;,&quot;jet_parallax_layout_list&quot;:[],&quot;ang_container_spacing_size&quot;:&quot;default_padding&quot;}\">\n\t\t\t\t<\/div>\n\t\t\t\t<\/div>\n\t\t\t\t\t<\/div>\n\t\t\t\t<\/div>\n\t\t\t\t<\/div>","protected":false},"excerpt":{"rendered":"<p>Unterst\u00fctze den lokalen Einzelhandel\/Unternehmer und kaufe mit den Gr\u00fcndauer Einkaufsgutscheinen in \u00fcber 70 Gr\u00fcndauer Gesch\u00e4ften ein. Mit dem Gr\u00fcndauer haben Sie immer die freie Auswahl! Hier erfahren Sie, wo Sie den Geschenkgutschein einl\u00f6sen oder diese zum selber verschenken kaufen k\u00f6nnen Einkaufsgutschein Gr\u00fcndauer<\/p>","protected":false},"author":9,"featured_media":0,"parent":0,"menu_order":0,"comment_status":"closed","ping_status":"closed","template":"","meta":{"iawp_total_views":5,"footnotes":""},"categories":[],"tags":[],"class_list":["post-49088","page","type-page","status-publish","hentry"],"yoast_head":"<!-- This site is optimized with the Yoast SEO plugin v27.4 - https:\/\/yoast.com\/product\/yoast-seo-wordpress\/ -->\n<title>Den beliebten Gutschein &quot;Gr\u00fcndauer&quot; online kaufen! - Gemeinde Gr\u00fcndau<\/title>\n<meta name=\"robots\" content=\"index, follow, max-snippet:-1, max-image-preview:large, max-video-preview:-1\" \/>\n<link rel=\"canonical\" href=\"https:\/\/www.gruendau.info\/en\/den-beliebten-gutschein-gruendauer-online-kaufen\/\" \/>\n<meta property=\"og:locale\" content=\"en_US\" \/>\n<meta property=\"og:type\" content=\"article\" \/>\n<meta property=\"og:title\" content=\"Den beliebten Gutschein &quot;Gr\u00fcndauer&quot; online kaufen! - Gemeinde Gr\u00fcndau\" \/>\n<meta property=\"og:description\" content=\"Unterst\u00fctze den lokalen Einzelhandel\/Unternehmer und kaufe mit den Gr\u00fcndauer Einkaufsgutscheinen in \u00fcber 70 Gr\u00fcndauer Gesch\u00e4ften ein. Mit dem Gr\u00fcndauer haben Sie immer die freie Auswahl! Hier erfahren Sie, wo Sie den Geschenkgutschein einl\u00f6sen oder diese zum selber verschenken kaufen k\u00f6nnen Einkaufsgutschein Gr\u00fcndauer\" \/>\n<meta property=\"og:url\" content=\"https:\/\/www.gruendau.info\/en\/den-beliebten-gutschein-gruendauer-online-kaufen\/\" \/>\n<meta property=\"og:site_name\" content=\"Gemeinde Gr\u00fcndau\" \/>\n<meta property=\"article:modified_time\" content=\"2025-11-26T09:10:14+00:00\" \/>\n<meta name=\"twitter:card\" content=\"summary_large_image\" \/>\n<meta name=\"twitter:label1\" content=\"Est. reading time\" \/>\n\t<meta name=\"twitter:data1\" content=\"1 minute\" \/>\n<script type=\"application\/ld+json\" class=\"yoast-schema-graph\">{\"@context\":\"https:\\\/\\\/schema.org\",\"@graph\":[{\"@type\":\"WebPage\",\"@id\":\"https:\\\/\\\/www.gruendau.info\\\/den-beliebten-gutschein-gruendauer-online-kaufen\\\/\",\"url\":\"https:\\\/\\\/www.gruendau.info\\\/den-beliebten-gutschein-gruendauer-online-kaufen\\\/\",\"name\":\"Den beliebten Gutschein \\\"Gr\u00fcndauer\\\" online kaufen! - Gemeinde Gr\u00fcndau\",\"isPartOf\":{\"@id\":\"https:\\\/\\\/www.gruendau.info\\\/#website\"},\"datePublished\":\"2025-11-08T19:10:12+00:00\",\"dateModified\":\"2025-11-26T09:10:14+00:00\",\"breadcrumb\":{\"@id\":\"https:\\\/\\\/www.gruendau.info\\\/den-beliebten-gutschein-gruendauer-online-kaufen\\\/#breadcrumb\"},\"inLanguage\":\"en-US\",\"potentialAction\":[{\"@type\":\"ReadAction\",\"target\":[\"https:\\\/\\\/www.gruendau.info\\\/den-beliebten-gutschein-gruendauer-online-kaufen\\\/\"]}]},{\"@type\":\"BreadcrumbList\",\"@id\":\"https:\\\/\\\/www.gruendau.info\\\/den-beliebten-gutschein-gruendauer-online-kaufen\\\/#breadcrumb\",\"itemListElement\":[{\"@type\":\"ListItem\",\"position\":1,\"name\":\"Startseite\",\"item\":\"https:\\\/\\\/www.gruendau.info\\\/\"},{\"@type\":\"ListItem\",\"position\":2,\"name\":\"Den beliebten Gutschein &#8222;Gr\u00fcndauer&#8220; online kaufen!\"}]},{\"@type\":\"WebSite\",\"@id\":\"https:\\\/\\\/www.gruendau.info\\\/#website\",\"url\":\"https:\\\/\\\/www.gruendau.info\\\/\",\"name\":\"Gemeinde Gr\u00fcndau\",\"description\":\"Wir freuen uns \u00fcber Ihren Besuch auf unserer Website.\",\"publisher\":{\"@id\":\"https:\\\/\\\/www.gruendau.info\\\/#organization\"},\"potentialAction\":[{\"@type\":\"SearchAction\",\"target\":{\"@type\":\"EntryPoint\",\"urlTemplate\":\"https:\\\/\\\/www.gruendau.info\\\/?s={search_term_string}\"},\"query-input\":{\"@type\":\"PropertyValueSpecification\",\"valueRequired\":true,\"valueName\":\"search_term_string\"}}],\"inLanguage\":\"en-US\"},{\"@type\":\"Organization\",\"@id\":\"https:\\\/\\\/www.gruendau.info\\\/#organization\",\"name\":\"Gemeinde Gr\u00fcndau\",\"url\":\"https:\\\/\\\/www.gruendau.info\\\/\",\"logo\":{\"@type\":\"ImageObject\",\"inLanguage\":\"en-US\",\"@id\":\"https:\\\/\\\/www.gruendau.info\\\/#\\\/schema\\\/logo\\\/image\\\/\",\"url\":\"\",\"contentUrl\":\"\",\"caption\":\"Gemeinde Gr\u00fcndau\"},\"image\":{\"@id\":\"https:\\\/\\\/www.gruendau.info\\\/#\\\/schema\\\/logo\\\/image\\\/\"}}]}<\/script>\n<!-- \/ Yoast SEO plugin. -->","yoast_head_json":{"title":"Den beliebten Gutschein \"Gr\u00fcndauer\" online kaufen! - Gemeinde Gr\u00fcndau","robots":{"index":"index","follow":"follow","max-snippet":"max-snippet:-1","max-image-preview":"max-image-preview:large","max-video-preview":"max-video-preview:-1"},"canonical":"https:\/\/www.gruendau.info\/en\/den-beliebten-gutschein-gruendauer-online-kaufen\/","og_locale":"en_US","og_type":"article","og_title":"Den beliebten Gutschein \"Gr\u00fcndauer\" online kaufen! - Gemeinde Gr\u00fcndau","og_description":"Unterst\u00fctze den lokalen Einzelhandel\/Unternehmer und kaufe mit den Gr\u00fcndauer Einkaufsgutscheinen in \u00fcber 70 Gr\u00fcndauer Gesch\u00e4ften ein. Mit dem Gr\u00fcndauer haben Sie immer die freie Auswahl! Hier erfahren Sie, wo Sie den Geschenkgutschein einl\u00f6sen oder diese zum selber verschenken kaufen k\u00f6nnen Einkaufsgutschein Gr\u00fcndauer","og_url":"https:\/\/www.gruendau.info\/en\/den-beliebten-gutschein-gruendauer-online-kaufen\/","og_site_name":"Gemeinde Gr\u00fcndau","article_modified_time":"2025-11-26T09:10:14+00:00","twitter_card":"summary_large_image","twitter_misc":{"Est. reading time":"1 minute"},"schema":{"@context":"https:\/\/schema.org","@graph":[{"@type":"WebPage","@id":"https:\/\/www.gruendau.info\/den-beliebten-gutschein-gruendauer-online-kaufen\/","url":"https:\/\/www.gruendau.info\/den-beliebten-gutschein-gruendauer-online-kaufen\/","name":"Den beliebten Gutschein \"Gr\u00fcndauer\" online kaufen! - Gemeinde Gr\u00fcndau","isPartOf":{"@id":"https:\/\/www.gruendau.info\/#website"},"datePublished":"2025-11-08T19:10:12+00:00","dateModified":"2025-11-26T09:10:14+00:00","breadcrumb":{"@id":"https:\/\/www.gruendau.info\/den-beliebten-gutschein-gruendauer-online-kaufen\/#breadcrumb"},"inLanguage":"en-US","potentialAction":[{"@type":"ReadAction","target":["https:\/\/www.gruendau.info\/den-beliebten-gutschein-gruendauer-online-kaufen\/"]}]},{"@type":"BreadcrumbList","@id":"https:\/\/www.gruendau.info\/den-beliebten-gutschein-gruendauer-online-kaufen\/#breadcrumb","itemListElement":[{"@type":"ListItem","position":1,"name":"Startseite","item":"https:\/\/www.gruendau.info\/"},{"@type":"ListItem","position":2,"name":"Den beliebten Gutschein &#8222;Gr\u00fcndauer&#8220; online kaufen!"}]},{"@type":"WebSite","@id":"https:\/\/www.gruendau.info\/#website","url":"https:\/\/www.gruendau.info\/","name":"Gemeinde Gr\u00fcndau","description":"Wir freuen uns \u00fcber Ihren Besuch auf unserer Website.","publisher":{"@id":"https:\/\/www.gruendau.info\/#organization"},"potentialAction":[{"@type":"SearchAction","target":{"@type":"EntryPoint","urlTemplate":"https:\/\/www.gruendau.info\/?s={search_term_string}"},"query-input":{"@type":"PropertyValueSpecification","valueRequired":true,"valueName":"search_term_string"}}],"inLanguage":"en-US"},{"@type":"Organization","@id":"https:\/\/www.gruendau.info\/#organization","name":"Gemeinde Gr\u00fcndau","url":"https:\/\/www.gruendau.info\/","logo":{"@type":"ImageObject","inLanguage":"en-US","@id":"https:\/\/www.gruendau.info\/#\/schema\/logo\/image\/","url":"","contentUrl":"","caption":"Gemeinde Gr\u00fcndau"},"image":{"@id":"https:\/\/www.gruendau.info\/#\/schema\/logo\/image\/"}}]}},"_links":{"self":[{"href":"https:\/\/www.gruendau.info\/en\/wp-json\/wp\/v2\/pages\/49088","targetHints":{"allow":["GET"]}}],"collection":[{"href":"https:\/\/www.gruendau.info\/en\/wp-json\/wp\/v2\/pages"}],"about":[{"href":"https:\/\/www.gruendau.info\/en\/wp-json\/wp\/v2\/types\/page"}],"author":[{"embeddable":true,"href":"https:\/\/www.gruendau.info\/en\/wp-json\/wp\/v2\/users\/9"}],"replies":[{"embeddable":true,"href":"https:\/\/www.gruendau.info\/en\/wp-json\/wp\/v2\/comments?post=49088"}],"version-history":[{"count":6,"href":"https:\/\/www.gruendau.info\/en\/wp-json\/wp\/v2\/pages\/49088\/revisions"}],"predecessor-version":[{"id":52876,"href":"https:\/\/www.gruendau.info\/en\/wp-json\/wp\/v2\/pages\/49088\/revisions\/52876"}],"wp:attachment":[{"href":"https:\/\/www.gruendau.info\/en\/wp-json\/wp\/v2\/media?parent=49088"}],"wp:term":[{"taxonomy":"category","embeddable":true,"href":"https:\/\/www.gruendau.info\/en\/wp-json\/wp\/v2\/categories?post=49088"},{"taxonomy":"post_tag","embeddable":true,"href":"https:\/\/www.gruendau.info\/en\/wp-json\/wp\/v2\/tags?post=49088"}],"curies":[{"name":"wp","href":"https:\/\/api.w.org\/{rel}","templated":true}]}}