{"id":49089,"date":"2025-11-08T20:10:12","date_gmt":"2025-11-08T19:10:12","guid":{"rendered":"https:\/\/gruendau.gemeinde-entwickler.de\/freies-wlan-in-gruendau\/"},"modified":"2025-11-21T11:23:37","modified_gmt":"2025-11-21T10:23:37","slug":"freies-wlan-in-gruendau","status":"publish","type":"page","link":"https:\/\/www.gruendau.info\/en\/freies-wlan-in-gruendau\/","title":{"rendered":"Freies WLAN in Gr\u00fcndau"},"content":{"rendered":"<div data-elementor-type=\"wp-page\" data-elementor-id=\"49089\" class=\"elementor elementor-49089\" data-elementor-post-type=\"page\">\n\t\t\t\t<div class=\"elementor-element elementor-element-db28dda elementor-repeater-item-ang_container_padding_3 sk-dark-bg e-flex e-con-boxed elementor-repeater-item-none elementor-repeater-item-none_hover e-con e-parent\" data-id=\"db28dda\" data-element_type=\"container\" data-e-type=\"container\" data-settings=\"{&quot;jet_parallax_layout_list&quot;:[],&quot;background_background&quot;:&quot;classic&quot;,&quot;ang_container_spacing_size&quot;:&quot;ang_container_padding_3&quot;}\">\n\t\t\t\t\t<div class=\"e-con-inner\">\n\t\t<div class=\"elementor-element elementor-element-0867c71 e-con-full elementor-repeater-item-ang_container_padding_4 elementor-repeater-item-shadow_2 sk-light-bg e-flex elementor-repeater-item-none_hover e-con e-child\" data-id=\"0867c71\" data-element_type=\"container\" data-e-type=\"container\" data-settings=\"{&quot;ang_container_spacing_size&quot;:&quot;ang_container_padding_4&quot;,&quot;background_background&quot;:&quot;classic&quot;,&quot;jet_parallax_layout_list&quot;:[],&quot;animation&quot;:&quot;none&quot;}\">\n\t\t\t\t<div class=\"elementor-element elementor-element-2e84242 elementor-widget__width-inherit elementor-repeater-item-none elementor-repeater-item-none_hover elementor-widget elementor-widget-text-editor\" data-id=\"2e84242\" data-element_type=\"widget\" data-e-type=\"widget\" data-widget_type=\"text-editor.default\">\n\t\t\t\t<div class=\"elementor-widget-container\">\n\t\t\t\t\t\t\t\t\t<p><b>Die Gemeinde Gr\u00fcndau bietet kostenfreies WLAN an!<\/b><br \/><br \/>Die Hotspots wurden gr\u00f6\u00dftenteils im Rahmen des europ\u00e4ischen F\u00f6rderprogramms WiFi4EU geschaffen. Die Standorte befinden sich in und um die Dorfgemeinschaftsh\u00e4user Gr\u00fcndaus, sodass alle Ortsteile von der F\u00f6rderung profitiert haben. <br \/>Au\u00dferdem ist auch im Rathaus der Gemeinde freies WLAN verf\u00fcgbar.<br \/><br \/><b>Die aktuell 13 HotSpots teilen sich auf diese bisher ausgebauten Standorte auf:<\/b><br \/><br \/>&#8211; Rathaus in Lieblos<br \/>&#8211; B\u00fcrgerhaus Lieblos<br \/>&#8211; B\u00fcrgerpark Lieblos (Outdoor)<br \/>&#8211; Dorfgemeinschaftshaus Rothenbergen<br \/>&#8211; DGH Rothenbergen (Outdoor)<br \/>&#8211; Dorfgemeinschaftshaus Niedergr\u00fcndau<br \/>&#8211; Dorfgemeinschaftshaus Mittel-Gr\u00fcndau<br \/>&#8211; Vorplatz DGH Mittel-Gr\u00fcndau (Outdoor)<br \/>&#8211; Mehrzweckhalle Hain-Gr\u00fcndau<br \/>&#8211; Vorplatz MZH Hain-Gr\u00fcndau (Outdoor)<br \/>&#8211; Dorfgemeinschaftshaus Breitenborn<br \/>&#8211; Vorplatz\/Parkplatz DGH Breitenborn (Outdoor)<br \/>&#8211; Dorfgemeinschaftshaus Gettenbach<\/p>\t\t\t\t\t\t\t\t<\/div>\n\t\t\t\t<\/div>\n\t\t\t\t<div class=\"elementor-element elementor-element-04f0b34 elementor-widget__width-inherit elementor-repeater-item-none elementor-repeater-item-none_hover elementor-widget elementor-widget-html\" data-id=\"04f0b34\" data-element_type=\"widget\" data-e-type=\"widget\" data-widget_type=\"html.default\">\n\t\t\t\t<div class=\"elementor-widget-container\">\n\t\t\t\t\t<iframe class=\"\" style=\"\" title=\"Google maps iframe\" src=\"https:\/\/www.google.com\/maps\/d\/embed?mid=1K0zXGZiyLOdVJCYLQdcbRJCCEPmqzXjr\" width=\"100%\" height=\"573\" scrolling=\"no\" frameborder=\"0\" allowtransparency=\"\" allowfullscreen=\"\"><\/iframe>\t\t\t\t<\/div>\n\t\t\t\t<\/div>\n\t\t\t\t<\/div>\n\t\t\t\t\t<\/div>\n\t\t\t\t<\/div>\n\t\t\t\t<\/div>","protected":false},"excerpt":{"rendered":"<p>Die Gemeinde Gr\u00fcndau bietet kostenfreies WLAN an! Die Hotspots wurden gr\u00f6\u00dftenteils im Rahmen des europ\u00e4ischen F\u00f6rderprogramms WiFi4EU geschaffen. Die Standorte befinden sich in und um die Dorfgemeinschaftsh\u00e4user Gr\u00fcndaus, sodass alle Ortsteile von der F\u00f6rderung profitiert haben. Au\u00dferdem ist auch im Rathaus der Gemeinde freies WLAN verf\u00fcgbar. Die aktuell 13 HotSpots teilen sich auf diese bisher [&hellip;]<\/p>\n","protected":false},"author":9,"featured_media":0,"parent":0,"menu_order":0,"comment_status":"closed","ping_status":"closed","template":"","meta":{"iawp_total_views":1,"footnotes":""},"categories":[],"tags":[],"class_list":["post-49089","page","type-page","status-publish","hentry"],"yoast_head":"<!-- This site is optimized with the Yoast SEO plugin v27.4 - https:\/\/yoast.com\/product\/yoast-seo-wordpress\/ -->\n<title>Freies WLAN in Gr\u00fcndau - Gemeinde Gr\u00fcndau<\/title>\n<meta name=\"robots\" content=\"index, follow, max-snippet:-1, max-image-preview:large, max-video-preview:-1\" \/>\n<link rel=\"canonical\" href=\"https:\/\/www.gruendau.info\/en\/freies-wlan-in-gruendau\/\" \/>\n<meta property=\"og:locale\" content=\"en_US\" \/>\n<meta property=\"og:type\" content=\"article\" \/>\n<meta property=\"og:title\" content=\"Freies WLAN in Gr\u00fcndau - Gemeinde Gr\u00fcndau\" \/>\n<meta property=\"og:description\" content=\"Die Gemeinde Gr\u00fcndau bietet kostenfreies WLAN an! Die Hotspots wurden gr\u00f6\u00dftenteils im Rahmen des europ\u00e4ischen F\u00f6rderprogramms WiFi4EU geschaffen. Die Standorte befinden sich in und um die Dorfgemeinschaftsh\u00e4user Gr\u00fcndaus, sodass alle Ortsteile von der F\u00f6rderung profitiert haben. Au\u00dferdem ist auch im Rathaus der Gemeinde freies WLAN verf\u00fcgbar. Die aktuell 13 HotSpots teilen sich auf diese bisher [&hellip;]\" \/>\n<meta property=\"og:url\" content=\"https:\/\/www.gruendau.info\/en\/freies-wlan-in-gruendau\/\" \/>\n<meta property=\"og:site_name\" content=\"Gemeinde Gr\u00fcndau\" \/>\n<meta property=\"article:modified_time\" content=\"2025-11-21T10:23:37+00:00\" \/>\n<meta name=\"twitter:card\" content=\"summary_large_image\" \/>\n<meta name=\"twitter:label1\" content=\"Est. reading time\" \/>\n\t<meta name=\"twitter:data1\" content=\"1 minute\" \/>\n<script type=\"application\/ld+json\" class=\"yoast-schema-graph\">{\"@context\":\"https:\\\/\\\/schema.org\",\"@graph\":[{\"@type\":\"WebPage\",\"@id\":\"https:\\\/\\\/www.gruendau.info\\\/freies-wlan-in-gruendau\\\/\",\"url\":\"https:\\\/\\\/www.gruendau.info\\\/freies-wlan-in-gruendau\\\/\",\"name\":\"Freies WLAN in Gr\u00fcndau - Gemeinde Gr\u00fcndau\",\"isPartOf\":{\"@id\":\"https:\\\/\\\/www.gruendau.info\\\/#website\"},\"datePublished\":\"2025-11-08T19:10:12+00:00\",\"dateModified\":\"2025-11-21T10:23:37+00:00\",\"breadcrumb\":{\"@id\":\"https:\\\/\\\/www.gruendau.info\\\/freies-wlan-in-gruendau\\\/#breadcrumb\"},\"inLanguage\":\"en-US\",\"potentialAction\":[{\"@type\":\"ReadAction\",\"target\":[\"https:\\\/\\\/www.gruendau.info\\\/freies-wlan-in-gruendau\\\/\"]}]},{\"@type\":\"BreadcrumbList\",\"@id\":\"https:\\\/\\\/www.gruendau.info\\\/freies-wlan-in-gruendau\\\/#breadcrumb\",\"itemListElement\":[{\"@type\":\"ListItem\",\"position\":1,\"name\":\"Startseite\",\"item\":\"https:\\\/\\\/www.gruendau.info\\\/\"},{\"@type\":\"ListItem\",\"position\":2,\"name\":\"Freies WLAN in Gr\u00fcndau\"}]},{\"@type\":\"WebSite\",\"@id\":\"https:\\\/\\\/www.gruendau.info\\\/#website\",\"url\":\"https:\\\/\\\/www.gruendau.info\\\/\",\"name\":\"Gemeinde Gr\u00fcndau\",\"description\":\"Wir freuen uns \u00fcber Ihren Besuch auf unserer Website.\",\"publisher\":{\"@id\":\"https:\\\/\\\/www.gruendau.info\\\/#organization\"},\"potentialAction\":[{\"@type\":\"SearchAction\",\"target\":{\"@type\":\"EntryPoint\",\"urlTemplate\":\"https:\\\/\\\/www.gruendau.info\\\/?s={search_term_string}\"},\"query-input\":{\"@type\":\"PropertyValueSpecification\",\"valueRequired\":true,\"valueName\":\"search_term_string\"}}],\"inLanguage\":\"en-US\"},{\"@type\":\"Organization\",\"@id\":\"https:\\\/\\\/www.gruendau.info\\\/#organization\",\"name\":\"Gemeinde Gr\u00fcndau\",\"url\":\"https:\\\/\\\/www.gruendau.info\\\/\",\"logo\":{\"@type\":\"ImageObject\",\"inLanguage\":\"en-US\",\"@id\":\"https:\\\/\\\/www.gruendau.info\\\/#\\\/schema\\\/logo\\\/image\\\/\",\"url\":\"\",\"contentUrl\":\"\",\"caption\":\"Gemeinde Gr\u00fcndau\"},\"image\":{\"@id\":\"https:\\\/\\\/www.gruendau.info\\\/#\\\/schema\\\/logo\\\/image\\\/\"}}]}<\/script>\n<!-- \/ Yoast SEO plugin. -->","yoast_head_json":{"title":"Freies WLAN in Gr\u00fcndau - Gemeinde Gr\u00fcndau","robots":{"index":"index","follow":"follow","max-snippet":"max-snippet:-1","max-image-preview":"max-image-preview:large","max-video-preview":"max-video-preview:-1"},"canonical":"https:\/\/www.gruendau.info\/en\/freies-wlan-in-gruendau\/","og_locale":"en_US","og_type":"article","og_title":"Freies WLAN in Gr\u00fcndau - Gemeinde Gr\u00fcndau","og_description":"Die Gemeinde Gr\u00fcndau bietet kostenfreies WLAN an! Die Hotspots wurden gr\u00f6\u00dftenteils im Rahmen des europ\u00e4ischen F\u00f6rderprogramms WiFi4EU geschaffen. Die Standorte befinden sich in und um die Dorfgemeinschaftsh\u00e4user Gr\u00fcndaus, sodass alle Ortsteile von der F\u00f6rderung profitiert haben. Au\u00dferdem ist auch im Rathaus der Gemeinde freies WLAN verf\u00fcgbar. Die aktuell 13 HotSpots teilen sich auf diese bisher [&hellip;]","og_url":"https:\/\/www.gruendau.info\/en\/freies-wlan-in-gruendau\/","og_site_name":"Gemeinde Gr\u00fcndau","article_modified_time":"2025-11-21T10:23:37+00:00","twitter_card":"summary_large_image","twitter_misc":{"Est. reading time":"1 minute"},"schema":{"@context":"https:\/\/schema.org","@graph":[{"@type":"WebPage","@id":"https:\/\/www.gruendau.info\/freies-wlan-in-gruendau\/","url":"https:\/\/www.gruendau.info\/freies-wlan-in-gruendau\/","name":"Freies WLAN in Gr\u00fcndau - Gemeinde Gr\u00fcndau","isPartOf":{"@id":"https:\/\/www.gruendau.info\/#website"},"datePublished":"2025-11-08T19:10:12+00:00","dateModified":"2025-11-21T10:23:37+00:00","breadcrumb":{"@id":"https:\/\/www.gruendau.info\/freies-wlan-in-gruendau\/#breadcrumb"},"inLanguage":"en-US","potentialAction":[{"@type":"ReadAction","target":["https:\/\/www.gruendau.info\/freies-wlan-in-gruendau\/"]}]},{"@type":"BreadcrumbList","@id":"https:\/\/www.gruendau.info\/freies-wlan-in-gruendau\/#breadcrumb","itemListElement":[{"@type":"ListItem","position":1,"name":"Startseite","item":"https:\/\/www.gruendau.info\/"},{"@type":"ListItem","position":2,"name":"Freies WLAN in Gr\u00fcndau"}]},{"@type":"WebSite","@id":"https:\/\/www.gruendau.info\/#website","url":"https:\/\/www.gruendau.info\/","name":"Gemeinde Gr\u00fcndau","description":"Wir freuen uns \u00fcber Ihren Besuch auf unserer Website.","publisher":{"@id":"https:\/\/www.gruendau.info\/#organization"},"potentialAction":[{"@type":"SearchAction","target":{"@type":"EntryPoint","urlTemplate":"https:\/\/www.gruendau.info\/?s={search_term_string}"},"query-input":{"@type":"PropertyValueSpecification","valueRequired":true,"valueName":"search_term_string"}}],"inLanguage":"en-US"},{"@type":"Organization","@id":"https:\/\/www.gruendau.info\/#organization","name":"Gemeinde Gr\u00fcndau","url":"https:\/\/www.gruendau.info\/","logo":{"@type":"ImageObject","inLanguage":"en-US","@id":"https:\/\/www.gruendau.info\/#\/schema\/logo\/image\/","url":"","contentUrl":"","caption":"Gemeinde Gr\u00fcndau"},"image":{"@id":"https:\/\/www.gruendau.info\/#\/schema\/logo\/image\/"}}]}},"_links":{"self":[{"href":"https:\/\/www.gruendau.info\/en\/wp-json\/wp\/v2\/pages\/49089","targetHints":{"allow":["GET"]}}],"collection":[{"href":"https:\/\/www.gruendau.info\/en\/wp-json\/wp\/v2\/pages"}],"about":[{"href":"https:\/\/www.gruendau.info\/en\/wp-json\/wp\/v2\/types\/page"}],"author":[{"embeddable":true,"href":"https:\/\/www.gruendau.info\/en\/wp-json\/wp\/v2\/users\/9"}],"replies":[{"embeddable":true,"href":"https:\/\/www.gruendau.info\/en\/wp-json\/wp\/v2\/comments?post=49089"}],"version-history":[{"count":6,"href":"https:\/\/www.gruendau.info\/en\/wp-json\/wp\/v2\/pages\/49089\/revisions"}],"predecessor-version":[{"id":52551,"href":"https:\/\/www.gruendau.info\/en\/wp-json\/wp\/v2\/pages\/49089\/revisions\/52551"}],"wp:attachment":[{"href":"https:\/\/www.gruendau.info\/en\/wp-json\/wp\/v2\/media?parent=49089"}],"wp:term":[{"taxonomy":"category","embeddable":true,"href":"https:\/\/www.gruendau.info\/en\/wp-json\/wp\/v2\/categories?post=49089"},{"taxonomy":"post_tag","embeddable":true,"href":"https:\/\/www.gruendau.info\/en\/wp-json\/wp\/v2\/tags?post=49089"}],"curies":[{"name":"wp","href":"https:\/\/api.w.org\/{rel}","templated":true}]}}