{"id":49131,"date":"2025-11-08T20:10:26","date_gmt":"2025-11-08T19:10:26","guid":{"rendered":"https:\/\/gruendau.gemeinde-entwickler.de\/oeffentlicher-personennahverkehr\/"},"modified":"2026-04-07T14:29:36","modified_gmt":"2026-04-07T12:29:36","slug":"oeffentlicher-personennahverkehr","status":"publish","type":"page","link":"https:\/\/www.gruendau.info\/en\/oeffentlicher-personennahverkehr\/","title":{"rendered":"\u00d6ffentlicher Personennahverkehr"},"content":{"rendered":"<div data-elementor-type=\"wp-page\" data-elementor-id=\"49131\" class=\"elementor elementor-49131\" data-elementor-post-type=\"page\">\n\t\t\t\t<div class=\"elementor-element elementor-element-384d5ef elementor-repeater-item-ang_container_padding_3 sk-dark-bg e-flex e-con-boxed elementor-repeater-item-none elementor-repeater-item-none_hover e-con e-parent\" data-id=\"384d5ef\" data-element_type=\"container\" data-e-type=\"container\" data-settings=\"{&quot;jet_parallax_layout_list&quot;:[],&quot;background_background&quot;:&quot;classic&quot;,&quot;ang_container_spacing_size&quot;:&quot;ang_container_padding_3&quot;}\">\n\t\t\t\t\t<div class=\"e-con-inner\">\n\t\t<div class=\"elementor-element elementor-element-dfce077 e-con-full sk-light-bg e-flex elementor-repeater-item-default_padding elementor-repeater-item-none elementor-repeater-item-none_hover e-con e-child\" data-id=\"dfce077\" data-element_type=\"container\" data-e-type=\"container\" data-settings=\"{&quot;background_background&quot;:&quot;classic&quot;,&quot;jet_parallax_layout_list&quot;:[],&quot;animation&quot;:&quot;none&quot;,&quot;ang_container_spacing_size&quot;:&quot;default_padding&quot;}\">\n\t\t<div class=\"elementor-element elementor-element-687a83c e-con-full elementor-repeater-item-ang_container_padding_4 elementor-repeater-item-none_hover e-flex elementor-repeater-item-none e-con e-child\" data-id=\"687a83c\" data-element_type=\"container\" data-e-type=\"container\" data-settings=\"{&quot;ang_container_spacing_size&quot;:&quot;ang_container_padding_4&quot;,&quot;jet_parallax_layout_list&quot;:[]}\">\n\t\t\t\t<div class=\"elementor-element elementor-element-f7addd8 elementor-repeater-item-none elementor-repeater-item-none_hover elementor-widget elementor-widget-text-editor\" data-id=\"f7addd8\" data-element_type=\"widget\" data-e-type=\"widget\" data-widget_type=\"text-editor.default\">\n\t\t\t\t<div class=\"elementor-widget-container\">\n\t\t\t\t\t\t\t\t\t<div id=\"Wohnzimmer\"><div id=\"suchergebnisbereich\"><div class=\"Innenraum\"><p>Der \u00f6ffentliche Personennahverkehr ist in Gr\u00fcndau gut ausgebaut und deckt vom Bus bis zur Schiene alle Bereiche ab.<\/p><\/div><\/div><\/div><p>\u00a0<\/p><p>Eine aktuelle Fahrplanauskunft finden Sie <a href=\"https:\/\/www.rmv.de\/c\/de\/fahrplan\/verbindungssuche-hinweise\/fahrplanauskunft\" target=\"_blank\" rel=\"noopener noreferrer nofollow\">hier<\/a>.<\/p><div id=\"Wohnzimmer\"><div id=\"suchergebnisbereich\"><div class=\"Innenraum\"><p>\u00a0<\/p><\/div><\/div><\/div>\t\t\t\t\t\t\t\t<\/div>\n\t\t\t\t<\/div>\n\t\t\t\t<\/div>\n\t\t<div class=\"elementor-element elementor-element-af30868 e-con-full elementor-repeater-item-none_hover e-flex elementor-repeater-item-default_padding sk-none elementor-repeater-item-none e-con e-child\" data-id=\"af30868\" data-element_type=\"container\" data-e-type=\"container\" data-settings=\"{&quot;background_background&quot;:&quot;classic&quot;,&quot;jet_parallax_layout_list&quot;:[],&quot;ang_container_spacing_size&quot;:&quot;default_padding&quot;}\">\n\t\t\t\t<\/div>\n\t\t\t\t<\/div>\n\t\t\t\t\t<\/div>\n\t\t\t\t<\/div>\n\t\t\t\t<\/div>","protected":false},"excerpt":{"rendered":"<p>Der \u00f6ffentliche Personennahverkehr ist in Gr\u00fcndau gut ausgebaut und deckt vom Bus bis zur Schiene alle Bereiche ab. \u00a0 Eine aktuelle Fahrplanauskunft finden Sie hier. \u00a0<\/p>","protected":false},"author":9,"featured_media":0,"parent":0,"menu_order":0,"comment_status":"closed","ping_status":"closed","template":"","meta":{"iawp_total_views":3,"footnotes":""},"categories":[],"tags":[],"class_list":["post-49131","page","type-page","status-publish","hentry"],"yoast_head":"<!-- This site is optimized with the Yoast SEO plugin v27.4 - https:\/\/yoast.com\/product\/yoast-seo-wordpress\/ -->\n<title>\u00d6ffentlicher Personennahverkehr - Gemeinde Gr\u00fcndau<\/title>\n<meta name=\"robots\" content=\"index, follow, max-snippet:-1, max-image-preview:large, max-video-preview:-1\" \/>\n<link rel=\"canonical\" href=\"https:\/\/www.gruendau.info\/en\/oeffentlicher-personennahverkehr\/\" \/>\n<meta property=\"og:locale\" content=\"en_US\" \/>\n<meta property=\"og:type\" content=\"article\" \/>\n<meta property=\"og:title\" content=\"\u00d6ffentlicher Personennahverkehr - Gemeinde Gr\u00fcndau\" \/>\n<meta property=\"og:description\" content=\"Der \u00f6ffentliche Personennahverkehr ist in Gr\u00fcndau gut ausgebaut und deckt vom Bus bis zur Schiene alle Bereiche ab. \u00a0 Eine aktuelle Fahrplanauskunft finden Sie hier. \u00a0\" \/>\n<meta property=\"og:url\" content=\"https:\/\/www.gruendau.info\/en\/oeffentlicher-personennahverkehr\/\" \/>\n<meta property=\"og:site_name\" content=\"Gemeinde Gr\u00fcndau\" \/>\n<meta property=\"article:modified_time\" content=\"2026-04-07T12:29:36+00:00\" \/>\n<meta name=\"twitter:card\" content=\"summary_large_image\" \/>\n<meta name=\"twitter:label1\" content=\"Est. reading time\" \/>\n\t<meta name=\"twitter:data1\" content=\"1 minute\" \/>\n<script type=\"application\/ld+json\" class=\"yoast-schema-graph\">{\"@context\":\"https:\\\/\\\/schema.org\",\"@graph\":[{\"@type\":\"WebPage\",\"@id\":\"https:\\\/\\\/www.gruendau.info\\\/oeffentlicher-personennahverkehr\\\/\",\"url\":\"https:\\\/\\\/www.gruendau.info\\\/oeffentlicher-personennahverkehr\\\/\",\"name\":\"\u00d6ffentlicher Personennahverkehr - Gemeinde Gr\u00fcndau\",\"isPartOf\":{\"@id\":\"https:\\\/\\\/www.gruendau.info\\\/#website\"},\"datePublished\":\"2025-11-08T19:10:26+00:00\",\"dateModified\":\"2026-04-07T12:29:36+00:00\",\"breadcrumb\":{\"@id\":\"https:\\\/\\\/www.gruendau.info\\\/oeffentlicher-personennahverkehr\\\/#breadcrumb\"},\"inLanguage\":\"en-US\",\"potentialAction\":[{\"@type\":\"ReadAction\",\"target\":[\"https:\\\/\\\/www.gruendau.info\\\/oeffentlicher-personennahverkehr\\\/\"]}]},{\"@type\":\"BreadcrumbList\",\"@id\":\"https:\\\/\\\/www.gruendau.info\\\/oeffentlicher-personennahverkehr\\\/#breadcrumb\",\"itemListElement\":[{\"@type\":\"ListItem\",\"position\":1,\"name\":\"Startseite\",\"item\":\"https:\\\/\\\/www.gruendau.info\\\/\"},{\"@type\":\"ListItem\",\"position\":2,\"name\":\"\u00d6ffentlicher Personennahverkehr\"}]},{\"@type\":\"WebSite\",\"@id\":\"https:\\\/\\\/www.gruendau.info\\\/#website\",\"url\":\"https:\\\/\\\/www.gruendau.info\\\/\",\"name\":\"Gemeinde Gr\u00fcndau\",\"description\":\"Wir freuen uns \u00fcber Ihren Besuch auf unserer Website.\",\"publisher\":{\"@id\":\"https:\\\/\\\/www.gruendau.info\\\/#organization\"},\"potentialAction\":[{\"@type\":\"SearchAction\",\"target\":{\"@type\":\"EntryPoint\",\"urlTemplate\":\"https:\\\/\\\/www.gruendau.info\\\/?s={search_term_string}\"},\"query-input\":{\"@type\":\"PropertyValueSpecification\",\"valueRequired\":true,\"valueName\":\"search_term_string\"}}],\"inLanguage\":\"en-US\"},{\"@type\":\"Organization\",\"@id\":\"https:\\\/\\\/www.gruendau.info\\\/#organization\",\"name\":\"Gemeinde Gr\u00fcndau\",\"url\":\"https:\\\/\\\/www.gruendau.info\\\/\",\"logo\":{\"@type\":\"ImageObject\",\"inLanguage\":\"en-US\",\"@id\":\"https:\\\/\\\/www.gruendau.info\\\/#\\\/schema\\\/logo\\\/image\\\/\",\"url\":\"\",\"contentUrl\":\"\",\"caption\":\"Gemeinde Gr\u00fcndau\"},\"image\":{\"@id\":\"https:\\\/\\\/www.gruendau.info\\\/#\\\/schema\\\/logo\\\/image\\\/\"}}]}<\/script>\n<!-- \/ Yoast SEO plugin. -->","yoast_head_json":{"title":"\u00d6ffentlicher Personennahverkehr - Gemeinde Gr\u00fcndau","robots":{"index":"index","follow":"follow","max-snippet":"max-snippet:-1","max-image-preview":"max-image-preview:large","max-video-preview":"max-video-preview:-1"},"canonical":"https:\/\/www.gruendau.info\/en\/oeffentlicher-personennahverkehr\/","og_locale":"en_US","og_type":"article","og_title":"\u00d6ffentlicher Personennahverkehr - Gemeinde Gr\u00fcndau","og_description":"Der \u00f6ffentliche Personennahverkehr ist in Gr\u00fcndau gut ausgebaut und deckt vom Bus bis zur Schiene alle Bereiche ab. \u00a0 Eine aktuelle Fahrplanauskunft finden Sie hier. \u00a0","og_url":"https:\/\/www.gruendau.info\/en\/oeffentlicher-personennahverkehr\/","og_site_name":"Gemeinde Gr\u00fcndau","article_modified_time":"2026-04-07T12:29:36+00:00","twitter_card":"summary_large_image","twitter_misc":{"Est. reading time":"1 minute"},"schema":{"@context":"https:\/\/schema.org","@graph":[{"@type":"WebPage","@id":"https:\/\/www.gruendau.info\/oeffentlicher-personennahverkehr\/","url":"https:\/\/www.gruendau.info\/oeffentlicher-personennahverkehr\/","name":"\u00d6ffentlicher Personennahverkehr - Gemeinde Gr\u00fcndau","isPartOf":{"@id":"https:\/\/www.gruendau.info\/#website"},"datePublished":"2025-11-08T19:10:26+00:00","dateModified":"2026-04-07T12:29:36+00:00","breadcrumb":{"@id":"https:\/\/www.gruendau.info\/oeffentlicher-personennahverkehr\/#breadcrumb"},"inLanguage":"en-US","potentialAction":[{"@type":"ReadAction","target":["https:\/\/www.gruendau.info\/oeffentlicher-personennahverkehr\/"]}]},{"@type":"BreadcrumbList","@id":"https:\/\/www.gruendau.info\/oeffentlicher-personennahverkehr\/#breadcrumb","itemListElement":[{"@type":"ListItem","position":1,"name":"Startseite","item":"https:\/\/www.gruendau.info\/"},{"@type":"ListItem","position":2,"name":"\u00d6ffentlicher Personennahverkehr"}]},{"@type":"WebSite","@id":"https:\/\/www.gruendau.info\/#website","url":"https:\/\/www.gruendau.info\/","name":"Gemeinde Gr\u00fcndau","description":"Wir freuen uns \u00fcber Ihren Besuch auf unserer Website.","publisher":{"@id":"https:\/\/www.gruendau.info\/#organization"},"potentialAction":[{"@type":"SearchAction","target":{"@type":"EntryPoint","urlTemplate":"https:\/\/www.gruendau.info\/?s={search_term_string}"},"query-input":{"@type":"PropertyValueSpecification","valueRequired":true,"valueName":"search_term_string"}}],"inLanguage":"en-US"},{"@type":"Organization","@id":"https:\/\/www.gruendau.info\/#organization","name":"Gemeinde Gr\u00fcndau","url":"https:\/\/www.gruendau.info\/","logo":{"@type":"ImageObject","inLanguage":"en-US","@id":"https:\/\/www.gruendau.info\/#\/schema\/logo\/image\/","url":"","contentUrl":"","caption":"Gemeinde Gr\u00fcndau"},"image":{"@id":"https:\/\/www.gruendau.info\/#\/schema\/logo\/image\/"}}]}},"_links":{"self":[{"href":"https:\/\/www.gruendau.info\/en\/wp-json\/wp\/v2\/pages\/49131","targetHints":{"allow":["GET"]}}],"collection":[{"href":"https:\/\/www.gruendau.info\/en\/wp-json\/wp\/v2\/pages"}],"about":[{"href":"https:\/\/www.gruendau.info\/en\/wp-json\/wp\/v2\/types\/page"}],"author":[{"embeddable":true,"href":"https:\/\/www.gruendau.info\/en\/wp-json\/wp\/v2\/users\/9"}],"replies":[{"embeddable":true,"href":"https:\/\/www.gruendau.info\/en\/wp-json\/wp\/v2\/comments?post=49131"}],"version-history":[{"count":10,"href":"https:\/\/www.gruendau.info\/en\/wp-json\/wp\/v2\/pages\/49131\/revisions"}],"predecessor-version":[{"id":53225,"href":"https:\/\/www.gruendau.info\/en\/wp-json\/wp\/v2\/pages\/49131\/revisions\/53225"}],"wp:attachment":[{"href":"https:\/\/www.gruendau.info\/en\/wp-json\/wp\/v2\/media?parent=49131"}],"wp:term":[{"taxonomy":"category","embeddable":true,"href":"https:\/\/www.gruendau.info\/en\/wp-json\/wp\/v2\/categories?post=49131"},{"taxonomy":"post_tag","embeddable":true,"href":"https:\/\/www.gruendau.info\/en\/wp-json\/wp\/v2\/tags?post=49131"}],"curies":[{"name":"wp","href":"https:\/\/api.w.org\/{rel}","templated":true}]}}