{"id":49148,"date":"2025-11-08T20:10:32","date_gmt":"2025-11-08T19:10:32","guid":{"rendered":"https:\/\/gruendau.gemeinde-entwickler.de\/bebauungsplaene-im-offenlegungsverfahren\/"},"modified":"2025-11-19T12:48:18","modified_gmt":"2025-11-19T11:48:18","slug":"bebauungsplaene-im-offenlegungsverfahren","status":"publish","type":"page","link":"https:\/\/www.gruendau.info\/en\/bebauungsplaene-im-offenlegungsverfahren\/","title":{"rendered":"Bebauungspl\u00e4ne im Offenlegungsverfahren"},"content":{"rendered":"<div data-elementor-type=\"wp-page\" data-elementor-id=\"49148\" class=\"elementor elementor-49148\" data-elementor-post-type=\"page\">\n\t\t\t\t<div class=\"elementor-element elementor-element-9e8c19d elementor-repeater-item-ang_container_padding_3 sk-dark-bg e-flex e-con-boxed elementor-repeater-item-none elementor-repeater-item-none_hover e-con e-parent\" data-id=\"9e8c19d\" data-element_type=\"container\" data-e-type=\"container\" data-settings=\"{&quot;jet_parallax_layout_list&quot;:[],&quot;background_background&quot;:&quot;classic&quot;,&quot;ang_container_spacing_size&quot;:&quot;ang_container_padding_3&quot;}\">\n\t\t\t\t\t<div class=\"e-con-inner\">\n\t\t<div class=\"elementor-element elementor-element-78dd6d1 e-con-full elementor-repeater-item-ang_container_padding_4 elementor-repeater-item-shadow_2 sk-light-bg e-flex elementor-repeater-item-none_hover e-con e-child\" data-id=\"78dd6d1\" data-element_type=\"container\" data-e-type=\"container\" data-settings=\"{&quot;ang_container_spacing_size&quot;:&quot;ang_container_padding_4&quot;,&quot;background_background&quot;:&quot;classic&quot;,&quot;jet_parallax_layout_list&quot;:[],&quot;animation&quot;:&quot;none&quot;}\">\n\t\t\t\t<div class=\"elementor-element elementor-element-2639193 elementor-widget__width-inherit elementor-repeater-item-none elementor-repeater-item-none_hover elementor-widget elementor-widget-text-editor\" data-id=\"2639193\" data-element_type=\"widget\" data-e-type=\"widget\" data-widget_type=\"text-editor.default\">\n\t\t\t\t<div class=\"elementor-widget-container\">\n\t\t\t\t\t\t\t\t\t<p>Auf dieser Seite stellen wir Ihnen Bebauungs- und Fl\u00e4chennutzungspl\u00e4ne der Gemeinde Gr\u00fcndau vor, welche sich derzeit im Offenlegungsverfahren befinden.<br \/><br \/>F\u00fcr n\u00e4here Informationen sprechen Sie uns gerne an!<\/p>\t\t\t\t\t\t\t\t<\/div>\n\t\t\t\t<\/div>\n\t\t\t\t<\/div>\n\t\t\t\t\t<\/div>\n\t\t\t\t<\/div>\n\t\t\t\t<\/div>","protected":false},"excerpt":{"rendered":"<p>Auf dieser Seite stellen wir Ihnen Bebauungs- und Fl\u00e4chennutzungspl\u00e4ne der Gemeinde Gr\u00fcndau vor, welche sich derzeit im Offenlegungsverfahren befinden. F\u00fcr n\u00e4here Informationen sprechen Sie uns gerne an!<\/p>","protected":false},"author":9,"featured_media":0,"parent":0,"menu_order":0,"comment_status":"closed","ping_status":"closed","template":"","meta":{"iawp_total_views":4,"footnotes":""},"categories":[],"tags":[],"class_list":["post-49148","page","type-page","status-publish","hentry"],"yoast_head":"<!-- This site is optimized with the Yoast SEO plugin v27.4 - https:\/\/yoast.com\/product\/yoast-seo-wordpress\/ -->\n<title>Bebauungspl\u00e4ne im Offenlegungsverfahren - Gemeinde Gr\u00fcndau<\/title>\n<meta name=\"robots\" content=\"index, follow, max-snippet:-1, max-image-preview:large, max-video-preview:-1\" \/>\n<link rel=\"canonical\" href=\"https:\/\/www.gruendau.info\/en\/bebauungsplaene-im-offenlegungsverfahren\/\" \/>\n<meta property=\"og:locale\" content=\"en_US\" \/>\n<meta property=\"og:type\" content=\"article\" \/>\n<meta property=\"og:title\" content=\"Bebauungspl\u00e4ne im Offenlegungsverfahren - Gemeinde Gr\u00fcndau\" \/>\n<meta property=\"og:description\" content=\"Auf dieser Seite stellen wir Ihnen Bebauungs- und Fl\u00e4chennutzungspl\u00e4ne der Gemeinde Gr\u00fcndau vor, welche sich derzeit im Offenlegungsverfahren befinden. F\u00fcr n\u00e4here Informationen sprechen Sie uns gerne an!\" \/>\n<meta property=\"og:url\" content=\"https:\/\/www.gruendau.info\/en\/bebauungsplaene-im-offenlegungsverfahren\/\" \/>\n<meta property=\"og:site_name\" content=\"Gemeinde Gr\u00fcndau\" \/>\n<meta property=\"article:modified_time\" content=\"2025-11-19T11:48:18+00:00\" \/>\n<meta name=\"twitter:card\" content=\"summary_large_image\" \/>\n<meta name=\"twitter:label1\" content=\"Est. reading time\" \/>\n\t<meta name=\"twitter:data1\" content=\"1 minute\" \/>\n<script type=\"application\/ld+json\" class=\"yoast-schema-graph\">{\"@context\":\"https:\\\/\\\/schema.org\",\"@graph\":[{\"@type\":\"WebPage\",\"@id\":\"https:\\\/\\\/www.gruendau.info\\\/bebauungsplaene-im-offenlegungsverfahren\\\/\",\"url\":\"https:\\\/\\\/www.gruendau.info\\\/bebauungsplaene-im-offenlegungsverfahren\\\/\",\"name\":\"Bebauungspl\u00e4ne im Offenlegungsverfahren - Gemeinde Gr\u00fcndau\",\"isPartOf\":{\"@id\":\"https:\\\/\\\/www.gruendau.info\\\/#website\"},\"datePublished\":\"2025-11-08T19:10:32+00:00\",\"dateModified\":\"2025-11-19T11:48:18+00:00\",\"breadcrumb\":{\"@id\":\"https:\\\/\\\/www.gruendau.info\\\/bebauungsplaene-im-offenlegungsverfahren\\\/#breadcrumb\"},\"inLanguage\":\"en-US\",\"potentialAction\":[{\"@type\":\"ReadAction\",\"target\":[\"https:\\\/\\\/www.gruendau.info\\\/bebauungsplaene-im-offenlegungsverfahren\\\/\"]}]},{\"@type\":\"BreadcrumbList\",\"@id\":\"https:\\\/\\\/www.gruendau.info\\\/bebauungsplaene-im-offenlegungsverfahren\\\/#breadcrumb\",\"itemListElement\":[{\"@type\":\"ListItem\",\"position\":1,\"name\":\"Startseite\",\"item\":\"https:\\\/\\\/www.gruendau.info\\\/\"},{\"@type\":\"ListItem\",\"position\":2,\"name\":\"Bebauungspl\u00e4ne im Offenlegungsverfahren\"}]},{\"@type\":\"WebSite\",\"@id\":\"https:\\\/\\\/www.gruendau.info\\\/#website\",\"url\":\"https:\\\/\\\/www.gruendau.info\\\/\",\"name\":\"Gemeinde Gr\u00fcndau\",\"description\":\"Wir freuen uns \u00fcber Ihren Besuch auf unserer Website.\",\"publisher\":{\"@id\":\"https:\\\/\\\/www.gruendau.info\\\/#organization\"},\"potentialAction\":[{\"@type\":\"SearchAction\",\"target\":{\"@type\":\"EntryPoint\",\"urlTemplate\":\"https:\\\/\\\/www.gruendau.info\\\/?s={search_term_string}\"},\"query-input\":{\"@type\":\"PropertyValueSpecification\",\"valueRequired\":true,\"valueName\":\"search_term_string\"}}],\"inLanguage\":\"en-US\"},{\"@type\":\"Organization\",\"@id\":\"https:\\\/\\\/www.gruendau.info\\\/#organization\",\"name\":\"Gemeinde Gr\u00fcndau\",\"url\":\"https:\\\/\\\/www.gruendau.info\\\/\",\"logo\":{\"@type\":\"ImageObject\",\"inLanguage\":\"en-US\",\"@id\":\"https:\\\/\\\/www.gruendau.info\\\/#\\\/schema\\\/logo\\\/image\\\/\",\"url\":\"\",\"contentUrl\":\"\",\"caption\":\"Gemeinde Gr\u00fcndau\"},\"image\":{\"@id\":\"https:\\\/\\\/www.gruendau.info\\\/#\\\/schema\\\/logo\\\/image\\\/\"}}]}<\/script>\n<!-- \/ Yoast SEO plugin. -->","yoast_head_json":{"title":"Bebauungspl\u00e4ne im Offenlegungsverfahren - Gemeinde Gr\u00fcndau","robots":{"index":"index","follow":"follow","max-snippet":"max-snippet:-1","max-image-preview":"max-image-preview:large","max-video-preview":"max-video-preview:-1"},"canonical":"https:\/\/www.gruendau.info\/en\/bebauungsplaene-im-offenlegungsverfahren\/","og_locale":"en_US","og_type":"article","og_title":"Bebauungspl\u00e4ne im Offenlegungsverfahren - Gemeinde Gr\u00fcndau","og_description":"Auf dieser Seite stellen wir Ihnen Bebauungs- und Fl\u00e4chennutzungspl\u00e4ne der Gemeinde Gr\u00fcndau vor, welche sich derzeit im Offenlegungsverfahren befinden. F\u00fcr n\u00e4here Informationen sprechen Sie uns gerne an!","og_url":"https:\/\/www.gruendau.info\/en\/bebauungsplaene-im-offenlegungsverfahren\/","og_site_name":"Gemeinde Gr\u00fcndau","article_modified_time":"2025-11-19T11:48:18+00:00","twitter_card":"summary_large_image","twitter_misc":{"Est. reading time":"1 minute"},"schema":{"@context":"https:\/\/schema.org","@graph":[{"@type":"WebPage","@id":"https:\/\/www.gruendau.info\/bebauungsplaene-im-offenlegungsverfahren\/","url":"https:\/\/www.gruendau.info\/bebauungsplaene-im-offenlegungsverfahren\/","name":"Bebauungspl\u00e4ne im Offenlegungsverfahren - Gemeinde Gr\u00fcndau","isPartOf":{"@id":"https:\/\/www.gruendau.info\/#website"},"datePublished":"2025-11-08T19:10:32+00:00","dateModified":"2025-11-19T11:48:18+00:00","breadcrumb":{"@id":"https:\/\/www.gruendau.info\/bebauungsplaene-im-offenlegungsverfahren\/#breadcrumb"},"inLanguage":"en-US","potentialAction":[{"@type":"ReadAction","target":["https:\/\/www.gruendau.info\/bebauungsplaene-im-offenlegungsverfahren\/"]}]},{"@type":"BreadcrumbList","@id":"https:\/\/www.gruendau.info\/bebauungsplaene-im-offenlegungsverfahren\/#breadcrumb","itemListElement":[{"@type":"ListItem","position":1,"name":"Startseite","item":"https:\/\/www.gruendau.info\/"},{"@type":"ListItem","position":2,"name":"Bebauungspl\u00e4ne im Offenlegungsverfahren"}]},{"@type":"WebSite","@id":"https:\/\/www.gruendau.info\/#website","url":"https:\/\/www.gruendau.info\/","name":"Gemeinde Gr\u00fcndau","description":"Wir freuen uns \u00fcber Ihren Besuch auf unserer Website.","publisher":{"@id":"https:\/\/www.gruendau.info\/#organization"},"potentialAction":[{"@type":"SearchAction","target":{"@type":"EntryPoint","urlTemplate":"https:\/\/www.gruendau.info\/?s={search_term_string}"},"query-input":{"@type":"PropertyValueSpecification","valueRequired":true,"valueName":"search_term_string"}}],"inLanguage":"en-US"},{"@type":"Organization","@id":"https:\/\/www.gruendau.info\/#organization","name":"Gemeinde Gr\u00fcndau","url":"https:\/\/www.gruendau.info\/","logo":{"@type":"ImageObject","inLanguage":"en-US","@id":"https:\/\/www.gruendau.info\/#\/schema\/logo\/image\/","url":"","contentUrl":"","caption":"Gemeinde Gr\u00fcndau"},"image":{"@id":"https:\/\/www.gruendau.info\/#\/schema\/logo\/image\/"}}]}},"_links":{"self":[{"href":"https:\/\/www.gruendau.info\/en\/wp-json\/wp\/v2\/pages\/49148","targetHints":{"allow":["GET"]}}],"collection":[{"href":"https:\/\/www.gruendau.info\/en\/wp-json\/wp\/v2\/pages"}],"about":[{"href":"https:\/\/www.gruendau.info\/en\/wp-json\/wp\/v2\/types\/page"}],"author":[{"embeddable":true,"href":"https:\/\/www.gruendau.info\/en\/wp-json\/wp\/v2\/users\/9"}],"replies":[{"embeddable":true,"href":"https:\/\/www.gruendau.info\/en\/wp-json\/wp\/v2\/comments?post=49148"}],"version-history":[{"count":3,"href":"https:\/\/www.gruendau.info\/en\/wp-json\/wp\/v2\/pages\/49148\/revisions"}],"predecessor-version":[{"id":52209,"href":"https:\/\/www.gruendau.info\/en\/wp-json\/wp\/v2\/pages\/49148\/revisions\/52209"}],"wp:attachment":[{"href":"https:\/\/www.gruendau.info\/en\/wp-json\/wp\/v2\/media?parent=49148"}],"wp:term":[{"taxonomy":"category","embeddable":true,"href":"https:\/\/www.gruendau.info\/en\/wp-json\/wp\/v2\/categories?post=49148"},{"taxonomy":"post_tag","embeddable":true,"href":"https:\/\/www.gruendau.info\/en\/wp-json\/wp\/v2\/tags?post=49148"}],"curies":[{"name":"wp","href":"https:\/\/api.w.org\/{rel}","templated":true}]}}