{"id":49152,"date":"2025-11-08T20:10:33","date_gmt":"2025-11-08T19:10:33","guid":{"rendered":"https:\/\/gruendau.gemeinde-entwickler.de\/kommunale-waermeplanung-im-mkk\/"},"modified":"2025-11-19T10:56:53","modified_gmt":"2025-11-19T09:56:53","slug":"kommunale-waermeplanung-im-mkk","status":"publish","type":"page","link":"https:\/\/www.gruendau.info\/en\/kommunale-waermeplanung-im-mkk\/","title":{"rendered":"Kommunale W\u00e4rmeplanung im MKK"},"content":{"rendered":"<div data-elementor-type=\"wp-page\" data-elementor-id=\"49152\" class=\"elementor elementor-49152\" data-elementor-post-type=\"page\">\n\t\t\t\t<div class=\"elementor-element elementor-element-aae3e08 elementor-repeater-item-ang_container_padding_3 sk-dark-bg e-flex e-con-boxed elementor-repeater-item-none elementor-repeater-item-none_hover e-con e-parent\" data-id=\"aae3e08\" data-element_type=\"container\" data-e-type=\"container\" data-settings=\"{&quot;jet_parallax_layout_list&quot;:[],&quot;background_background&quot;:&quot;classic&quot;,&quot;ang_container_spacing_size&quot;:&quot;ang_container_padding_3&quot;}\">\n\t\t\t\t\t<div class=\"e-con-inner\">\n\t\t<div class=\"elementor-element elementor-element-4783f26 elementor-repeater-item-shadow_2 e-con-full elementor-repeater-item-ang_container_padding_4 sk-light-bg e-flex elementor-repeater-item-none_hover e-con e-child\" data-id=\"4783f26\" data-element_type=\"container\" data-e-type=\"container\" data-settings=\"{&quot;jet_parallax_layout_list&quot;:[],&quot;background_background&quot;:&quot;classic&quot;,&quot;ang_container_spacing_size&quot;:&quot;ang_container_padding_4&quot;}\">\n\t\t\t\t<div class=\"elementor-element elementor-element-59555f8 elementor-widget__width-initial external_elementor-repeater-item-none_external elementor-repeater-item-none elementor-repeater-item-none_hover elementor-widget elementor-widget-image\" data-id=\"59555f8\" data-element_type=\"widget\" data-e-type=\"widget\" data-widget_type=\"image.default\">\n\t\t\t\t<div class=\"elementor-widget-container\">\n\t\t\t\t\t\t\t\t\t\t\t\t\t\t\t<img decoding=\"async\" width=\"238\" height=\"92\" src=\"https:\/\/www.gruendau.info\/wp-content\/uploads\/2025\/11\/14-02-2025_07-50-38.jpg\" class=\"attachment-large size-large wp-image-52126\" alt=\"\" \/>\t\t\t\t\t\t\t\t\t\t\t\t\t\t\t<\/div>\n\t\t\t\t<\/div>\n\t\t<div class=\"elementor-element elementor-element-28e6a66 e-con-full e-flex elementor-repeater-item-default_padding sk-none elementor-repeater-item-none elementor-repeater-item-none_hover e-con e-child\" data-id=\"28e6a66\" data-element_type=\"container\" data-e-type=\"container\" data-settings=\"{&quot;background_background&quot;:&quot;classic&quot;,&quot;jet_parallax_layout_list&quot;:[],&quot;ang_container_spacing_size&quot;:&quot;default_padding&quot;}\">\n\t\t\t\t<div class=\"elementor-element elementor-element-5776b64 elementor-widget__width-inherit elementor-repeater-item-none elementor-repeater-item-none_hover elementor-widget elementor-widget-heading\" data-id=\"5776b64\" data-element_type=\"widget\" data-e-type=\"widget\" data-widget_type=\"heading.default\">\n\t\t\t\t<div class=\"elementor-widget-container\">\n\t\t\t\t\t<h2 class=\"elementor-heading-title elementor-size-default\">Kommunale W\u00e4rmeplanung im MKK<\/h2>\t\t\t\t<\/div>\n\t\t\t\t<\/div>\n\t\t\t\t<div class=\"elementor-element elementor-element-a242b5b elementor-repeater-item-none elementor-repeater-item-none_hover elementor-widget elementor-widget-text-editor\" data-id=\"a242b5b\" data-element_type=\"widget\" data-e-type=\"widget\" data-widget_type=\"text-editor.default\">\n\t\t\t\t<div class=\"elementor-widget-container\">\n\t\t\t\t\t\t\t\t\t<p>Die Kommunale W\u00e4rmeplanung in Deutschland ist ein strategischer Prozess. Der Weg: St\u00e4dte und Kommunen entwickeln langfristige Pl\u00e4ne mit der Vorgabe, ihre W\u00e4rmeversorgung nachhaltiger, effizienter und klimafreundlicher zu gestalten. Erkl\u00e4rtes Ziel ist, den Energieverbrauch zu senken, den Einsatz fossiler Brennstoffe zu reduzieren und den \u00dcbergang zu Erneuerbaren Energien wie z. B. Solarthermie, Geothermie oder Abw\u00e4rme zu f\u00f6rdern.<br \/><br \/>Weil uns die W\u00e4rmewende ein Bed\u00fcrfnis ist, hat sich Gr\u00fcndau mit weiteren 17 Kommunen des Main-Kinzig-Kreises als Initiative zusammengeschlossen, um unser Know-how und unsere (Wo-) Manpower zu b\u00fcndeln. Was wir m\u00f6chten: Ihnen, unseren B\u00fcrger*innen, als erster Ansprechpartner zur Seite zu stehen &#8211; und Sie \u00fcber die W\u00e4rmeversorgung der Zukunft mit all ihren M\u00f6glichkeiten aufzukl\u00e4ren.<br \/><br \/>Entsprechend finden Sie auf dieser Webseite alle wesentlichen, stets aktuellen Informationen zu den Gesetzen und Vorgaben Ihrer MKK-Kommune sowie zur Kommunalen W\u00e4rmeplanung an sich.<br \/><br \/>Wir freuen uns sehr, wenn wir auf diese Weise und in dieser Zeit des Wandels f\u00fcr Sie da sein k\u00f6nnen!<\/p>\t\t\t\t\t\t\t\t<\/div>\n\t\t\t\t<\/div>\n\t\t\t\t<\/div>\n\t\t<a class=\"elementor-element elementor-element-9e52b66 e-con-full elementor-repeater-item-ang_container_padding_10 hover-grow e-flex sk-none elementor-repeater-item-none elementor-repeater-item-none_hover e-con e-child\" data-id=\"9e52b66\" data-element_type=\"container\" data-e-type=\"container\" data-settings=\"{&quot;jet_parallax_layout_list&quot;:[],&quot;ang_container_spacing_size&quot;:&quot;ang_container_padding_10&quot;,&quot;background_background&quot;:&quot;classic&quot;}\" href=\"https:\/\/mkk-waerme.de\/\" target=\"_blank\" rel=\"noopener noreferrer nofollow\">\n\t\t\t\t<div class=\"elementor-element elementor-element-3cc0e32 elementor-widget__width-inherit elementor-icon-list--layout-traditional elementor-list-item-link-full_width elementor-repeater-item-none elementor-repeater-item-none_hover elementor-widget elementor-widget-icon-list\" data-id=\"3cc0e32\" data-element_type=\"widget\" data-e-type=\"widget\" data-widget_type=\"icon-list.default\">\n\t\t\t\t<div class=\"elementor-widget-container\">\n\t\t\t\t\t\t\t<ul class=\"elementor-icon-list-items\">\n\t\t\t\t\t\t\t<li class=\"elementor-icon-list-item\">\n\t\t\t\t\t\t\t\t\t\t\t<span class=\"elementor-icon-list-icon\">\n\t\t\t\t\t\t\t<svg aria-hidden=\"true\" class=\"e-font-icon-svg e-fas-external-link-square-alt\" viewbox=\"0 0 448 512\" xmlns=\"http:\/\/www.w3.org\/2000\/svg\"><path d=\"M448 80v352c0 26.51-21.49 48-48 48H48c-26.51 0-48-21.49-48-48V80c0-26.51 21.49-48 48-48h352c26.51 0 48 21.49 48 48zm-88 16H248.029c-21.313 0-32.08 25.861-16.971 40.971l31.984 31.987L67.515 364.485c-4.686 4.686-4.686 12.284 0 16.971l31.029 31.029c4.687 4.686 12.285 4.686 16.971 0l195.526-195.526 31.988 31.991C358.058 263.977 384 253.425 384 231.979V120c0-13.255-10.745-24-24-24z\"><\/path><\/svg>\t\t\t\t\t\t<\/span>\n\t\t\t\t\t\t\t\t\t\t<span class=\"elementor-icon-list-text\">Gemeinsame Website der Initiative \"Kommunale W\u00e4rmeplanung MKK\"<\/span>\n\t\t\t\t\t\t\t\t\t<\/li>\n\t\t\t\t\t\t<\/ul>\n\t\t\t\t\t\t<\/div>\n\t\t\t\t<\/div>\n\t\t\t\t<\/a>\n\t\t\t\t<\/div>\n\t\t\t\t\t<\/div>\n\t\t\t\t<\/div>\n\t\t\t\t<\/div>","protected":false},"excerpt":{"rendered":"<p>Kommunale W\u00e4rmeplanung im MKK Die Kommunale W\u00e4rmeplanung in Deutschland ist ein strategischer Prozess. Der Weg: St\u00e4dte und Kommunen entwickeln langfristige Pl\u00e4ne mit der Vorgabe, ihre W\u00e4rmeversorgung nachhaltiger, effizienter und klimafreundlicher zu gestalten. Erkl\u00e4rtes Ziel ist, den Energieverbrauch zu senken, den Einsatz fossiler Brennstoffe zu reduzieren und den \u00dcbergang zu Erneuerbaren Energien wie z. B. Solarthermie, [&hellip;]<\/p>\n","protected":false},"author":9,"featured_media":0,"parent":0,"menu_order":0,"comment_status":"closed","ping_status":"closed","template":"","meta":{"iawp_total_views":1,"footnotes":""},"categories":[],"tags":[],"class_list":["post-49152","page","type-page","status-publish","hentry"],"yoast_head":"<!-- This site is optimized with the Yoast SEO plugin v27.4 - https:\/\/yoast.com\/product\/yoast-seo-wordpress\/ -->\n<title>Kommunale W\u00e4rmeplanung im MKK - Gemeinde Gr\u00fcndau<\/title>\n<meta name=\"robots\" content=\"index, follow, max-snippet:-1, max-image-preview:large, max-video-preview:-1\" \/>\n<link rel=\"canonical\" href=\"https:\/\/www.gruendau.info\/en\/kommunale-waermeplanung-im-mkk\/\" \/>\n<meta property=\"og:locale\" content=\"en_US\" \/>\n<meta property=\"og:type\" content=\"article\" \/>\n<meta property=\"og:title\" content=\"Kommunale W\u00e4rmeplanung im MKK - Gemeinde Gr\u00fcndau\" \/>\n<meta property=\"og:description\" content=\"Kommunale W\u00e4rmeplanung im MKK Die Kommunale W\u00e4rmeplanung in Deutschland ist ein strategischer Prozess. Der Weg: St\u00e4dte und Kommunen entwickeln langfristige Pl\u00e4ne mit der Vorgabe, ihre W\u00e4rmeversorgung nachhaltiger, effizienter und klimafreundlicher zu gestalten. Erkl\u00e4rtes Ziel ist, den Energieverbrauch zu senken, den Einsatz fossiler Brennstoffe zu reduzieren und den \u00dcbergang zu Erneuerbaren Energien wie z. B. Solarthermie, [&hellip;]\" \/>\n<meta property=\"og:url\" content=\"https:\/\/www.gruendau.info\/en\/kommunale-waermeplanung-im-mkk\/\" \/>\n<meta property=\"og:site_name\" content=\"Gemeinde Gr\u00fcndau\" \/>\n<meta property=\"article:modified_time\" content=\"2025-11-19T09:56:53+00:00\" \/>\n<meta property=\"og:image\" content=\"https:\/\/www.gruendau.info\/wp-content\/uploads\/2025\/11\/14-02-2025_07-50-38.jpg\" \/>\n\t<meta property=\"og:image:width\" content=\"238\" \/>\n\t<meta property=\"og:image:height\" content=\"92\" \/>\n\t<meta property=\"og:image:type\" content=\"image\/jpeg\" \/>\n<meta name=\"twitter:card\" content=\"summary_large_image\" \/>\n<meta name=\"twitter:label1\" content=\"Est. reading time\" \/>\n\t<meta name=\"twitter:data1\" content=\"2 minutes\" \/>\n<script type=\"application\/ld+json\" class=\"yoast-schema-graph\">{\"@context\":\"https:\\\/\\\/schema.org\",\"@graph\":[{\"@type\":\"WebPage\",\"@id\":\"https:\\\/\\\/www.gruendau.info\\\/kommunale-waermeplanung-im-mkk\\\/\",\"url\":\"https:\\\/\\\/www.gruendau.info\\\/kommunale-waermeplanung-im-mkk\\\/\",\"name\":\"Kommunale W\u00e4rmeplanung im MKK - Gemeinde Gr\u00fcndau\",\"isPartOf\":{\"@id\":\"https:\\\/\\\/www.gruendau.info\\\/#website\"},\"primaryImageOfPage\":{\"@id\":\"https:\\\/\\\/www.gruendau.info\\\/kommunale-waermeplanung-im-mkk\\\/#primaryimage\"},\"image\":{\"@id\":\"https:\\\/\\\/www.gruendau.info\\\/kommunale-waermeplanung-im-mkk\\\/#primaryimage\"},\"thumbnailUrl\":\"https:\\\/\\\/www.gruendau.info\\\/wp-content\\\/uploads\\\/2025\\\/11\\\/14-02-2025_07-50-38.jpg\",\"datePublished\":\"2025-11-08T19:10:33+00:00\",\"dateModified\":\"2025-11-19T09:56:53+00:00\",\"breadcrumb\":{\"@id\":\"https:\\\/\\\/www.gruendau.info\\\/kommunale-waermeplanung-im-mkk\\\/#breadcrumb\"},\"inLanguage\":\"en-US\",\"potentialAction\":[{\"@type\":\"ReadAction\",\"target\":[\"https:\\\/\\\/www.gruendau.info\\\/kommunale-waermeplanung-im-mkk\\\/\"]}]},{\"@type\":\"ImageObject\",\"inLanguage\":\"en-US\",\"@id\":\"https:\\\/\\\/www.gruendau.info\\\/kommunale-waermeplanung-im-mkk\\\/#primaryimage\",\"url\":\"https:\\\/\\\/www.gruendau.info\\\/wp-content\\\/uploads\\\/2025\\\/11\\\/14-02-2025_07-50-38.jpg\",\"contentUrl\":\"https:\\\/\\\/www.gruendau.info\\\/wp-content\\\/uploads\\\/2025\\\/11\\\/14-02-2025_07-50-38.jpg\"},{\"@type\":\"BreadcrumbList\",\"@id\":\"https:\\\/\\\/www.gruendau.info\\\/kommunale-waermeplanung-im-mkk\\\/#breadcrumb\",\"itemListElement\":[{\"@type\":\"ListItem\",\"position\":1,\"name\":\"Startseite\",\"item\":\"https:\\\/\\\/www.gruendau.info\\\/\"},{\"@type\":\"ListItem\",\"position\":2,\"name\":\"Kommunale W\u00e4rmeplanung im MKK\"}]},{\"@type\":\"WebSite\",\"@id\":\"https:\\\/\\\/www.gruendau.info\\\/#website\",\"url\":\"https:\\\/\\\/www.gruendau.info\\\/\",\"name\":\"Gemeinde Gr\u00fcndau\",\"description\":\"Wir freuen uns \u00fcber Ihren Besuch auf unserer Website.\",\"publisher\":{\"@id\":\"https:\\\/\\\/www.gruendau.info\\\/#organization\"},\"potentialAction\":[{\"@type\":\"SearchAction\",\"target\":{\"@type\":\"EntryPoint\",\"urlTemplate\":\"https:\\\/\\\/www.gruendau.info\\\/?s={search_term_string}\"},\"query-input\":{\"@type\":\"PropertyValueSpecification\",\"valueRequired\":true,\"valueName\":\"search_term_string\"}}],\"inLanguage\":\"en-US\"},{\"@type\":\"Organization\",\"@id\":\"https:\\\/\\\/www.gruendau.info\\\/#organization\",\"name\":\"Gemeinde Gr\u00fcndau\",\"url\":\"https:\\\/\\\/www.gruendau.info\\\/\",\"logo\":{\"@type\":\"ImageObject\",\"inLanguage\":\"en-US\",\"@id\":\"https:\\\/\\\/www.gruendau.info\\\/#\\\/schema\\\/logo\\\/image\\\/\",\"url\":\"\",\"contentUrl\":\"\",\"caption\":\"Gemeinde Gr\u00fcndau\"},\"image\":{\"@id\":\"https:\\\/\\\/www.gruendau.info\\\/#\\\/schema\\\/logo\\\/image\\\/\"}}]}<\/script>\n<!-- \/ Yoast SEO plugin. -->","yoast_head_json":{"title":"Kommunale W\u00e4rmeplanung im MKK - Gemeinde Gr\u00fcndau","robots":{"index":"index","follow":"follow","max-snippet":"max-snippet:-1","max-image-preview":"max-image-preview:large","max-video-preview":"max-video-preview:-1"},"canonical":"https:\/\/www.gruendau.info\/en\/kommunale-waermeplanung-im-mkk\/","og_locale":"en_US","og_type":"article","og_title":"Kommunale W\u00e4rmeplanung im MKK - Gemeinde Gr\u00fcndau","og_description":"Kommunale W\u00e4rmeplanung im MKK Die Kommunale W\u00e4rmeplanung in Deutschland ist ein strategischer Prozess. Der Weg: St\u00e4dte und Kommunen entwickeln langfristige Pl\u00e4ne mit der Vorgabe, ihre W\u00e4rmeversorgung nachhaltiger, effizienter und klimafreundlicher zu gestalten. Erkl\u00e4rtes Ziel ist, den Energieverbrauch zu senken, den Einsatz fossiler Brennstoffe zu reduzieren und den \u00dcbergang zu Erneuerbaren Energien wie z. B. Solarthermie, [&hellip;]","og_url":"https:\/\/www.gruendau.info\/en\/kommunale-waermeplanung-im-mkk\/","og_site_name":"Gemeinde Gr\u00fcndau","article_modified_time":"2025-11-19T09:56:53+00:00","og_image":[{"width":238,"height":92,"url":"https:\/\/www.gruendau.info\/wp-content\/uploads\/2025\/11\/14-02-2025_07-50-38.jpg","type":"image\/jpeg"}],"twitter_card":"summary_large_image","twitter_misc":{"Est. reading time":"2 minutes"},"schema":{"@context":"https:\/\/schema.org","@graph":[{"@type":"WebPage","@id":"https:\/\/www.gruendau.info\/kommunale-waermeplanung-im-mkk\/","url":"https:\/\/www.gruendau.info\/kommunale-waermeplanung-im-mkk\/","name":"Kommunale W\u00e4rmeplanung im MKK - Gemeinde Gr\u00fcndau","isPartOf":{"@id":"https:\/\/www.gruendau.info\/#website"},"primaryImageOfPage":{"@id":"https:\/\/www.gruendau.info\/kommunale-waermeplanung-im-mkk\/#primaryimage"},"image":{"@id":"https:\/\/www.gruendau.info\/kommunale-waermeplanung-im-mkk\/#primaryimage"},"thumbnailUrl":"https:\/\/www.gruendau.info\/wp-content\/uploads\/2025\/11\/14-02-2025_07-50-38.jpg","datePublished":"2025-11-08T19:10:33+00:00","dateModified":"2025-11-19T09:56:53+00:00","breadcrumb":{"@id":"https:\/\/www.gruendau.info\/kommunale-waermeplanung-im-mkk\/#breadcrumb"},"inLanguage":"en-US","potentialAction":[{"@type":"ReadAction","target":["https:\/\/www.gruendau.info\/kommunale-waermeplanung-im-mkk\/"]}]},{"@type":"ImageObject","inLanguage":"en-US","@id":"https:\/\/www.gruendau.info\/kommunale-waermeplanung-im-mkk\/#primaryimage","url":"https:\/\/www.gruendau.info\/wp-content\/uploads\/2025\/11\/14-02-2025_07-50-38.jpg","contentUrl":"https:\/\/www.gruendau.info\/wp-content\/uploads\/2025\/11\/14-02-2025_07-50-38.jpg"},{"@type":"BreadcrumbList","@id":"https:\/\/www.gruendau.info\/kommunale-waermeplanung-im-mkk\/#breadcrumb","itemListElement":[{"@type":"ListItem","position":1,"name":"Startseite","item":"https:\/\/www.gruendau.info\/"},{"@type":"ListItem","position":2,"name":"Kommunale W\u00e4rmeplanung im MKK"}]},{"@type":"WebSite","@id":"https:\/\/www.gruendau.info\/#website","url":"https:\/\/www.gruendau.info\/","name":"Gemeinde Gr\u00fcndau","description":"Wir freuen uns \u00fcber Ihren Besuch auf unserer Website.","publisher":{"@id":"https:\/\/www.gruendau.info\/#organization"},"potentialAction":[{"@type":"SearchAction","target":{"@type":"EntryPoint","urlTemplate":"https:\/\/www.gruendau.info\/?s={search_term_string}"},"query-input":{"@type":"PropertyValueSpecification","valueRequired":true,"valueName":"search_term_string"}}],"inLanguage":"en-US"},{"@type":"Organization","@id":"https:\/\/www.gruendau.info\/#organization","name":"Gemeinde Gr\u00fcndau","url":"https:\/\/www.gruendau.info\/","logo":{"@type":"ImageObject","inLanguage":"en-US","@id":"https:\/\/www.gruendau.info\/#\/schema\/logo\/image\/","url":"","contentUrl":"","caption":"Gemeinde Gr\u00fcndau"},"image":{"@id":"https:\/\/www.gruendau.info\/#\/schema\/logo\/image\/"}}]}},"_links":{"self":[{"href":"https:\/\/www.gruendau.info\/en\/wp-json\/wp\/v2\/pages\/49152","targetHints":{"allow":["GET"]}}],"collection":[{"href":"https:\/\/www.gruendau.info\/en\/wp-json\/wp\/v2\/pages"}],"about":[{"href":"https:\/\/www.gruendau.info\/en\/wp-json\/wp\/v2\/types\/page"}],"author":[{"embeddable":true,"href":"https:\/\/www.gruendau.info\/en\/wp-json\/wp\/v2\/users\/9"}],"replies":[{"embeddable":true,"href":"https:\/\/www.gruendau.info\/en\/wp-json\/wp\/v2\/comments?post=49152"}],"version-history":[{"count":6,"href":"https:\/\/www.gruendau.info\/en\/wp-json\/wp\/v2\/pages\/49152\/revisions"}],"predecessor-version":[{"id":52132,"href":"https:\/\/www.gruendau.info\/en\/wp-json\/wp\/v2\/pages\/49152\/revisions\/52132"}],"wp:attachment":[{"href":"https:\/\/www.gruendau.info\/en\/wp-json\/wp\/v2\/media?parent=49152"}],"wp:term":[{"taxonomy":"category","embeddable":true,"href":"https:\/\/www.gruendau.info\/en\/wp-json\/wp\/v2\/categories?post=49152"},{"taxonomy":"post_tag","embeddable":true,"href":"https:\/\/www.gruendau.info\/en\/wp-json\/wp\/v2\/tags?post=49152"}],"curies":[{"name":"wp","href":"https:\/\/api.w.org\/{rel}","templated":true}]}}