{"id":49153,"date":"2025-11-08T20:10:34","date_gmt":"2025-11-08T19:10:34","guid":{"rendered":"https:\/\/gruendau.gemeinde-entwickler.de\/energieberatung\/"},"modified":"2025-11-13T09:57:32","modified_gmt":"2025-11-13T08:57:32","slug":"energieberatung","status":"publish","type":"page","link":"https:\/\/www.gruendau.info\/en\/energieberatung\/","title":{"rendered":"Energieberatung"},"content":{"rendered":"<div data-elementor-type=\"wp-page\" data-elementor-id=\"49153\" class=\"elementor elementor-49153\" data-elementor-post-type=\"page\">\n\t\t\t\t<div class=\"elementor-element elementor-element-18c0b74 elementor-repeater-item-ang_container_padding_3 sk-dark-bg e-flex e-con-boxed elementor-repeater-item-none elementor-repeater-item-none_hover e-con e-parent\" data-id=\"18c0b74\" data-element_type=\"container\" data-e-type=\"container\" data-settings=\"{&quot;jet_parallax_layout_list&quot;:[],&quot;background_background&quot;:&quot;classic&quot;,&quot;ang_container_spacing_size&quot;:&quot;ang_container_padding_3&quot;}\">\n\t\t\t\t\t<div class=\"e-con-inner\">\n\t\t<div class=\"elementor-element elementor-element-32c22d2 e-con-full sk-light-bg e-flex elementor-repeater-item-default_padding elementor-repeater-item-none elementor-repeater-item-none_hover e-con e-child\" data-id=\"32c22d2\" data-element_type=\"container\" data-e-type=\"container\" data-settings=\"{&quot;background_background&quot;:&quot;classic&quot;,&quot;jet_parallax_layout_list&quot;:[],&quot;animation&quot;:&quot;none&quot;,&quot;ang_container_spacing_size&quot;:&quot;default_padding&quot;}\">\n\t\t<div class=\"elementor-element elementor-element-d492edb e-con-full elementor-repeater-item-ang_container_padding_4 elementor-repeater-item-none_hover e-flex elementor-repeater-item-none e-con e-child\" data-id=\"d492edb\" data-element_type=\"container\" data-e-type=\"container\" data-settings=\"{&quot;ang_container_spacing_size&quot;:&quot;ang_container_padding_4&quot;,&quot;jet_parallax_layout_list&quot;:[]}\">\n\t\t<div class=\"elementor-element elementor-element-b276d79 e-con-full e-flex elementor-repeater-item-default_padding elementor-repeater-item-none elementor-repeater-item-none_hover e-con e-child\" data-id=\"b276d79\" data-element_type=\"container\" data-e-type=\"container\" data-settings=\"{&quot;jet_parallax_layout_list&quot;:[],&quot;ang_container_spacing_size&quot;:&quot;default_padding&quot;}\">\n\t\t\t\t<div class=\"elementor-element elementor-element-012516c elementor-repeater-item-none elementor-repeater-item-none_hover elementor-widget elementor-widget-text-editor\" data-id=\"012516c\" data-element_type=\"widget\" data-e-type=\"widget\" data-widget_type=\"text-editor.default\">\n\t\t\t\t<div class=\"elementor-widget-container\">\n\t\t\t\t\t\t\t\t\t<p>In der kostenlosen Beratungsstunde werden Ihre Fragen zu W\u00e4rmed\u00e4mmung, Erneuerung von Fenstern und Haust\u00fcren, moderne Heizungstechnik, F\u00f6rderm\u00f6glichkeiten, Stromsparen im Haushalt, Solarstrom, Wirtschaftlichkeit von energetischen Ma\u00dfnahmen und Wohngesundheit (z.B. Schimmel) beantwortet. Weitere Infos zum Ablauf der kostenlosen Energieimpulsberatung finden Sie hier <b><a href=\"https:\/\/www.lea-hessen.de\/buergerinnen-und-buerger\/erstberatung-fuer-die-hausmodernisierung\/\" target=\"_blank\" rel=\"noopener noreferrer nofollow\">Energieeinsparpotenziale erkennen \/ LEA &#8211; LandesEnergieAgentur (lea-hessen.de)<\/a><\/b><br \/><br \/>\u00dcber den oben angef\u00fchrten Link k\u00f6nnen Sie Ihren Termin vereinbaren.<\/p>\t\t\t\t\t\t\t\t<\/div>\n\t\t\t\t<\/div>\n\t\t\t\t<\/div>\n\t\t\t\t<\/div>\n\t\t<div class=\"elementor-element elementor-element-81335ee e-con-full elementor-repeater-item-none_hover e-flex elementor-repeater-item-default_padding sk-none elementor-repeater-item-none e-con e-child\" data-id=\"81335ee\" data-element_type=\"container\" data-e-type=\"container\" data-settings=\"{&quot;background_background&quot;:&quot;classic&quot;,&quot;jet_parallax_layout_list&quot;:[],&quot;ang_container_spacing_size&quot;:&quot;default_padding&quot;}\">\n\t\t\t\t<\/div>\n\t\t\t\t<\/div>\n\t\t\t\t\t<\/div>\n\t\t\t\t<\/div>\n\t\t\t\t<\/div>","protected":false},"excerpt":{"rendered":"<p>In der kostenlosen Beratungsstunde werden Ihre Fragen zu W\u00e4rmed\u00e4mmung, Erneuerung von Fenstern und Haust\u00fcren, moderne Heizungstechnik, F\u00f6rderm\u00f6glichkeiten, Stromsparen im Haushalt, Solarstrom, Wirtschaftlichkeit von energetischen Ma\u00dfnahmen und Wohngesundheit (z.B. Schimmel) beantwortet. Weitere Infos zum Ablauf der kostenlosen Energieimpulsberatung finden Sie hier Energieeinsparpotenziale erkennen \/ LEA &#8211; LandesEnergieAgentur (lea-hessen.de) \u00dcber den oben angef\u00fchrten Link k\u00f6nnen Sie Ihren [&hellip;]<\/p>\n","protected":false},"author":9,"featured_media":0,"parent":0,"menu_order":0,"comment_status":"closed","ping_status":"closed","template":"","meta":{"iawp_total_views":8,"footnotes":""},"categories":[],"tags":[],"class_list":["post-49153","page","type-page","status-publish","hentry"],"yoast_head":"<!-- This site is optimized with the Yoast SEO plugin v27.4 - https:\/\/yoast.com\/product\/yoast-seo-wordpress\/ -->\n<title>Energieberatung - Gemeinde Gr\u00fcndau<\/title>\n<meta name=\"robots\" content=\"index, follow, max-snippet:-1, max-image-preview:large, max-video-preview:-1\" \/>\n<link rel=\"canonical\" href=\"https:\/\/www.gruendau.info\/en\/energieberatung\/\" \/>\n<meta property=\"og:locale\" content=\"en_US\" \/>\n<meta property=\"og:type\" content=\"article\" \/>\n<meta property=\"og:title\" content=\"Energieberatung - Gemeinde Gr\u00fcndau\" \/>\n<meta property=\"og:description\" content=\"In der kostenlosen Beratungsstunde werden Ihre Fragen zu W\u00e4rmed\u00e4mmung, Erneuerung von Fenstern und Haust\u00fcren, moderne Heizungstechnik, F\u00f6rderm\u00f6glichkeiten, Stromsparen im Haushalt, Solarstrom, Wirtschaftlichkeit von energetischen Ma\u00dfnahmen und Wohngesundheit (z.B. Schimmel) beantwortet. Weitere Infos zum Ablauf der kostenlosen Energieimpulsberatung finden Sie hier Energieeinsparpotenziale erkennen \/ LEA &#8211; LandesEnergieAgentur (lea-hessen.de) \u00dcber den oben angef\u00fchrten Link k\u00f6nnen Sie Ihren [&hellip;]\" \/>\n<meta property=\"og:url\" content=\"https:\/\/www.gruendau.info\/en\/energieberatung\/\" \/>\n<meta property=\"og:site_name\" content=\"Gemeinde Gr\u00fcndau\" \/>\n<meta property=\"article:modified_time\" content=\"2025-11-13T08:57:32+00:00\" \/>\n<meta name=\"twitter:card\" content=\"summary_large_image\" \/>\n<meta name=\"twitter:label1\" content=\"Est. reading time\" \/>\n\t<meta name=\"twitter:data1\" content=\"1 minute\" \/>\n<script type=\"application\/ld+json\" class=\"yoast-schema-graph\">{\"@context\":\"https:\\\/\\\/schema.org\",\"@graph\":[{\"@type\":\"WebPage\",\"@id\":\"https:\\\/\\\/www.gruendau.info\\\/energieberatung\\\/\",\"url\":\"https:\\\/\\\/www.gruendau.info\\\/energieberatung\\\/\",\"name\":\"Energieberatung - Gemeinde Gr\u00fcndau\",\"isPartOf\":{\"@id\":\"https:\\\/\\\/www.gruendau.info\\\/#website\"},\"datePublished\":\"2025-11-08T19:10:34+00:00\",\"dateModified\":\"2025-11-13T08:57:32+00:00\",\"breadcrumb\":{\"@id\":\"https:\\\/\\\/www.gruendau.info\\\/energieberatung\\\/#breadcrumb\"},\"inLanguage\":\"en-US\",\"potentialAction\":[{\"@type\":\"ReadAction\",\"target\":[\"https:\\\/\\\/www.gruendau.info\\\/energieberatung\\\/\"]}]},{\"@type\":\"BreadcrumbList\",\"@id\":\"https:\\\/\\\/www.gruendau.info\\\/energieberatung\\\/#breadcrumb\",\"itemListElement\":[{\"@type\":\"ListItem\",\"position\":1,\"name\":\"Startseite\",\"item\":\"https:\\\/\\\/www.gruendau.info\\\/\"},{\"@type\":\"ListItem\",\"position\":2,\"name\":\"Energieberatung\"}]},{\"@type\":\"WebSite\",\"@id\":\"https:\\\/\\\/www.gruendau.info\\\/#website\",\"url\":\"https:\\\/\\\/www.gruendau.info\\\/\",\"name\":\"Gemeinde Gr\u00fcndau\",\"description\":\"Wir freuen uns \u00fcber Ihren Besuch auf unserer Website.\",\"publisher\":{\"@id\":\"https:\\\/\\\/www.gruendau.info\\\/#organization\"},\"potentialAction\":[{\"@type\":\"SearchAction\",\"target\":{\"@type\":\"EntryPoint\",\"urlTemplate\":\"https:\\\/\\\/www.gruendau.info\\\/?s={search_term_string}\"},\"query-input\":{\"@type\":\"PropertyValueSpecification\",\"valueRequired\":true,\"valueName\":\"search_term_string\"}}],\"inLanguage\":\"en-US\"},{\"@type\":\"Organization\",\"@id\":\"https:\\\/\\\/www.gruendau.info\\\/#organization\",\"name\":\"Gemeinde Gr\u00fcndau\",\"url\":\"https:\\\/\\\/www.gruendau.info\\\/\",\"logo\":{\"@type\":\"ImageObject\",\"inLanguage\":\"en-US\",\"@id\":\"https:\\\/\\\/www.gruendau.info\\\/#\\\/schema\\\/logo\\\/image\\\/\",\"url\":\"\",\"contentUrl\":\"\",\"caption\":\"Gemeinde Gr\u00fcndau\"},\"image\":{\"@id\":\"https:\\\/\\\/www.gruendau.info\\\/#\\\/schema\\\/logo\\\/image\\\/\"}}]}<\/script>\n<!-- \/ Yoast SEO plugin. -->","yoast_head_json":{"title":"Energieberatung - Gemeinde Gr\u00fcndau","robots":{"index":"index","follow":"follow","max-snippet":"max-snippet:-1","max-image-preview":"max-image-preview:large","max-video-preview":"max-video-preview:-1"},"canonical":"https:\/\/www.gruendau.info\/en\/energieberatung\/","og_locale":"en_US","og_type":"article","og_title":"Energieberatung - Gemeinde Gr\u00fcndau","og_description":"In der kostenlosen Beratungsstunde werden Ihre Fragen zu W\u00e4rmed\u00e4mmung, Erneuerung von Fenstern und Haust\u00fcren, moderne Heizungstechnik, F\u00f6rderm\u00f6glichkeiten, Stromsparen im Haushalt, Solarstrom, Wirtschaftlichkeit von energetischen Ma\u00dfnahmen und Wohngesundheit (z.B. Schimmel) beantwortet. Weitere Infos zum Ablauf der kostenlosen Energieimpulsberatung finden Sie hier Energieeinsparpotenziale erkennen \/ LEA &#8211; LandesEnergieAgentur (lea-hessen.de) \u00dcber den oben angef\u00fchrten Link k\u00f6nnen Sie Ihren [&hellip;]","og_url":"https:\/\/www.gruendau.info\/en\/energieberatung\/","og_site_name":"Gemeinde Gr\u00fcndau","article_modified_time":"2025-11-13T08:57:32+00:00","twitter_card":"summary_large_image","twitter_misc":{"Est. reading time":"1 minute"},"schema":{"@context":"https:\/\/schema.org","@graph":[{"@type":"WebPage","@id":"https:\/\/www.gruendau.info\/energieberatung\/","url":"https:\/\/www.gruendau.info\/energieberatung\/","name":"Energieberatung - Gemeinde Gr\u00fcndau","isPartOf":{"@id":"https:\/\/www.gruendau.info\/#website"},"datePublished":"2025-11-08T19:10:34+00:00","dateModified":"2025-11-13T08:57:32+00:00","breadcrumb":{"@id":"https:\/\/www.gruendau.info\/energieberatung\/#breadcrumb"},"inLanguage":"en-US","potentialAction":[{"@type":"ReadAction","target":["https:\/\/www.gruendau.info\/energieberatung\/"]}]},{"@type":"BreadcrumbList","@id":"https:\/\/www.gruendau.info\/energieberatung\/#breadcrumb","itemListElement":[{"@type":"ListItem","position":1,"name":"Startseite","item":"https:\/\/www.gruendau.info\/"},{"@type":"ListItem","position":2,"name":"Energieberatung"}]},{"@type":"WebSite","@id":"https:\/\/www.gruendau.info\/#website","url":"https:\/\/www.gruendau.info\/","name":"Gemeinde Gr\u00fcndau","description":"Wir freuen uns \u00fcber Ihren Besuch auf unserer Website.","publisher":{"@id":"https:\/\/www.gruendau.info\/#organization"},"potentialAction":[{"@type":"SearchAction","target":{"@type":"EntryPoint","urlTemplate":"https:\/\/www.gruendau.info\/?s={search_term_string}"},"query-input":{"@type":"PropertyValueSpecification","valueRequired":true,"valueName":"search_term_string"}}],"inLanguage":"en-US"},{"@type":"Organization","@id":"https:\/\/www.gruendau.info\/#organization","name":"Gemeinde Gr\u00fcndau","url":"https:\/\/www.gruendau.info\/","logo":{"@type":"ImageObject","inLanguage":"en-US","@id":"https:\/\/www.gruendau.info\/#\/schema\/logo\/image\/","url":"","contentUrl":"","caption":"Gemeinde Gr\u00fcndau"},"image":{"@id":"https:\/\/www.gruendau.info\/#\/schema\/logo\/image\/"}}]}},"_links":{"self":[{"href":"https:\/\/www.gruendau.info\/en\/wp-json\/wp\/v2\/pages\/49153","targetHints":{"allow":["GET"]}}],"collection":[{"href":"https:\/\/www.gruendau.info\/en\/wp-json\/wp\/v2\/pages"}],"about":[{"href":"https:\/\/www.gruendau.info\/en\/wp-json\/wp\/v2\/types\/page"}],"author":[{"embeddable":true,"href":"https:\/\/www.gruendau.info\/en\/wp-json\/wp\/v2\/users\/9"}],"replies":[{"embeddable":true,"href":"https:\/\/www.gruendau.info\/en\/wp-json\/wp\/v2\/comments?post=49153"}],"version-history":[{"count":6,"href":"https:\/\/www.gruendau.info\/en\/wp-json\/wp\/v2\/pages\/49153\/revisions"}],"predecessor-version":[{"id":49223,"href":"https:\/\/www.gruendau.info\/en\/wp-json\/wp\/v2\/pages\/49153\/revisions\/49223"}],"wp:attachment":[{"href":"https:\/\/www.gruendau.info\/en\/wp-json\/wp\/v2\/media?parent=49153"}],"wp:term":[{"taxonomy":"category","embeddable":true,"href":"https:\/\/www.gruendau.info\/en\/wp-json\/wp\/v2\/categories?post=49153"},{"taxonomy":"post_tag","embeddable":true,"href":"https:\/\/www.gruendau.info\/en\/wp-json\/wp\/v2\/tags?post=49153"}],"curies":[{"name":"wp","href":"https:\/\/api.w.org\/{rel}","templated":true}]}}