{"id":49154,"date":"2025-11-08T20:10:34","date_gmt":"2025-11-08T19:10:34","guid":{"rendered":"https:\/\/gruendau.gemeinde-entwickler.de\/dorferneuerung-wie-funktioniert-die-foerderung\/"},"modified":"2026-04-16T10:26:51","modified_gmt":"2026-04-16T08:26:51","slug":"dorferneuerung-wie-funktioniert-die-foerderung","status":"publish","type":"page","link":"https:\/\/www.gruendau.info\/en\/dorferneuerung-wie-funktioniert-die-foerderung\/","title":{"rendered":"Dorferneuerung &#8211; Wie funktioniert die F\u00f6rderung?"},"content":{"rendered":"<div data-elementor-type=\"wp-page\" data-elementor-id=\"49154\" class=\"elementor elementor-49154\" data-elementor-post-type=\"page\">\n\t\t\t\t<div class=\"elementor-element elementor-element-699eb05 elementor-repeater-item-ang_container_padding_3 sk-dark-bg e-flex e-con-boxed elementor-repeater-item-none elementor-repeater-item-none_hover e-con e-parent\" data-id=\"699eb05\" data-element_type=\"container\" data-e-type=\"container\" data-settings=\"{&quot;jet_parallax_layout_list&quot;:[],&quot;background_background&quot;:&quot;classic&quot;,&quot;ang_container_spacing_size&quot;:&quot;ang_container_padding_3&quot;}\">\n\t\t\t\t\t<div class=\"e-con-inner\">\n\t\t<div class=\"elementor-element elementor-element-fbc60c2 e-con-full elementor-repeater-item-ang_container_padding_4 elementor-repeater-item-shadow_2 sk-light-bg e-flex elementor-repeater-item-none_hover e-con e-child\" data-id=\"fbc60c2\" data-element_type=\"container\" data-e-type=\"container\" data-settings=\"{&quot;ang_container_spacing_size&quot;:&quot;ang_container_padding_4&quot;,&quot;background_background&quot;:&quot;classic&quot;,&quot;jet_parallax_layout_list&quot;:[],&quot;animation&quot;:&quot;none&quot;}\">\n\t\t\t\t<div class=\"elementor-element elementor-element-9a7f19c elementor-widget__width-inherit elementor-repeater-item-none elementor-repeater-item-none_hover elementor-widget elementor-widget-heading\" data-id=\"9a7f19c\" data-element_type=\"widget\" data-e-type=\"widget\" data-widget_type=\"heading.default\">\n\t\t\t\t<div class=\"elementor-widget-container\">\n\t\t\t\t\t<h2 class=\"elementor-heading-title elementor-size-default\">Finanzielle F\u00f6rderung von dorferneuernden Ma\u00dfnahmen<\/h2>\t\t\t\t<\/div>\n\t\t\t\t<\/div>\n\t\t\t\t<div class=\"elementor-element elementor-element-9b8c21f elementor-widget__width-inherit elementor-repeater-item-none elementor-repeater-item-none_hover elementor-widget elementor-widget-text-editor\" data-id=\"9b8c21f\" data-element_type=\"widget\" data-e-type=\"widget\" data-widget_type=\"text-editor.default\">\n\t\t\t\t<div class=\"elementor-widget-container\">\n\t\t\t\t\t\t\t\t\t<p>Nach dem Beschluss der Gemeindevertretung vom 06.09.2021 f\u00f6rdert die Gemeinde Gr\u00fcndau<br \/>in allen Ortsteilen aus gemeindlichen Haushaltsmitteln dorferneuernde Ma\u00dfnahmen, die den anliegenden Richtlinien entsprechen.<br \/>Damit soll die Wohn- und Lebensqualit\u00e4t in den Ortslagen gest\u00e4rkt werden.<br \/>Es werden Geb\u00e4ude gef\u00f6rdert, von denen wesentlich erkennbare Bauteile vor 1950 errichtet wurden.<br \/><br \/>F\u00f6rderungsf\u00e4hige Ma\u00dfnahmen entnehmen Sie bitte den anliegenden Richtlinien zur finanziellen F\u00f6rderung von dorferneuernden Ma\u00dfnahmen.<\/p>\t\t\t\t\t\t\t\t<\/div>\n\t\t\t\t<\/div>\n\t\t<a class=\"elementor-element elementor-element-b061999 e-con-full elementor-repeater-item-ang_container_padding_10 hover-grow e-flex sk-none elementor-repeater-item-none elementor-repeater-item-none_hover e-con e-child\" data-id=\"b061999\" data-element_type=\"container\" data-e-type=\"container\" data-settings=\"{&quot;jet_parallax_layout_list&quot;:[],&quot;ang_container_spacing_size&quot;:&quot;ang_container_padding_10&quot;,&quot;background_background&quot;:&quot;classic&quot;}\" href=\"\/wp-content\/uploads\/2025\/11\/richtlinien_2021__07.09.2021-1.pdf\" target=\"_blank\">\n\t\t\t\t<div class=\"elementor-element elementor-element-b03a79c elementor-widget__width-inherit elementor-icon-list--layout-traditional elementor-list-item-link-full_width elementor-repeater-item-none elementor-repeater-item-none_hover elementor-widget elementor-widget-icon-list\" data-id=\"b03a79c\" data-element_type=\"widget\" data-e-type=\"widget\" data-widget_type=\"icon-list.default\">\n\t\t\t\t<div class=\"elementor-widget-container\">\n\t\t\t\t\t\t\t<ul class=\"elementor-icon-list-items\">\n\t\t\t\t\t\t\t<li class=\"elementor-icon-list-item\">\n\t\t\t\t\t\t\t\t\t\t\t<span class=\"elementor-icon-list-icon\">\n\t\t\t\t\t\t\t<svg aria-hidden=\"true\" class=\"e-font-icon-svg e-fas-file-download\" viewbox=\"0 0 384 512\" xmlns=\"http:\/\/www.w3.org\/2000\/svg\"><path d=\"M224 136V0H24C10.7 0 0 10.7 0 24v464c0 13.3 10.7 24 24 24h336c13.3 0 24-10.7 24-24V160H248c-13.2 0-24-10.8-24-24zm76.45 211.36l-96.42 95.7c-6.65 6.61-17.39 6.61-24.04 0l-96.42-95.7C73.42 337.29 80.54 320 94.82 320H160v-80c0-8.84 7.16-16 16-16h32c8.84 0 16 7.16 16 16v80h65.18c14.28 0 21.4 17.29 11.27 27.36zM377 105L279.1 7c-4.5-4.5-10.6-7-17-7H256v128h128v-6.1c0-6.3-2.5-12.4-7-16.9z\"><\/path><\/svg>\t\t\t\t\t\t<\/span>\n\t\t\t\t\t\t\t\t\t\t<span class=\"elementor-icon-list-text\">Richtlinien<\/span>\n\t\t\t\t\t\t\t\t\t<\/li>\n\t\t\t\t\t\t<\/ul>\n\t\t\t\t\t\t<\/div>\n\t\t\t\t<\/div>\n\t\t\t\t<\/a>\n\t\t\t\t<\/div>\n\t\t<div class=\"elementor-element elementor-element-e0fc644 e-con-full sk-light-bg e-flex elementor-repeater-item-default_padding elementor-repeater-item-none elementor-repeater-item-none_hover e-con e-child\" data-id=\"e0fc644\" data-element_type=\"container\" data-e-type=\"container\" data-settings=\"{&quot;background_background&quot;:&quot;classic&quot;,&quot;jet_parallax_layout_list&quot;:[],&quot;animation&quot;:&quot;none&quot;,&quot;ang_container_spacing_size&quot;:&quot;default_padding&quot;}\">\n\t\t<div class=\"elementor-element elementor-element-f07aedf e-con-full elementor-repeater-item-ang_container_padding_4 elementor-repeater-item-none_hover e-flex elementor-repeater-item-none e-con e-child\" data-id=\"f07aedf\" data-element_type=\"container\" data-e-type=\"container\" data-settings=\"{&quot;ang_container_spacing_size&quot;:&quot;ang_container_padding_4&quot;,&quot;jet_parallax_layout_list&quot;:[]}\">\n\t\t<div class=\"elementor-element elementor-element-0a9e4e3 e-con-full e-flex elementor-repeater-item-default_padding elementor-repeater-item-none elementor-repeater-item-none_hover e-con e-child\" data-id=\"0a9e4e3\" data-element_type=\"container\" data-e-type=\"container\" data-settings=\"{&quot;jet_parallax_layout_list&quot;:[],&quot;ang_container_spacing_size&quot;:&quot;default_padding&quot;}\">\n\t\t\t\t<div class=\"elementor-element elementor-element-22a8bdb elementor-repeater-item-none elementor-repeater-item-none_hover elementor-widget elementor-widget-heading\" data-id=\"22a8bdb\" data-element_type=\"widget\" data-e-type=\"widget\" data-widget_type=\"heading.default\">\n\t\t\t\t<div class=\"elementor-widget-container\">\n\t\t\t\t\t<h2 class=\"elementor-heading-title elementor-size-default\">Karin Bien<\/h2>\t\t\t\t<\/div>\n\t\t\t\t<\/div>\n\t\t\t\t<\/div>\n\t\t<div class=\"elementor-element elementor-element-ac11f90 e-con-full e-flex elementor-repeater-item-default_padding elementor-repeater-item-none elementor-repeater-item-none_hover e-con e-child\" data-id=\"ac11f90\" data-element_type=\"container\" data-e-type=\"container\" data-settings=\"{&quot;jet_parallax_layout_list&quot;:[],&quot;ang_container_spacing_size&quot;:&quot;default_padding&quot;}\">\n\t\t\t\t<div class=\"elementor-element elementor-element-d872f2a elementor-icon-list--layout-traditional elementor-list-item-link-full_width elementor-repeater-item-none elementor-repeater-item-none_hover elementor-widget elementor-widget-icon-list\" data-id=\"d872f2a\" data-element_type=\"widget\" data-e-type=\"widget\" data-widget_type=\"icon-list.default\">\n\t\t\t\t<div class=\"elementor-widget-container\">\n\t\t\t\t\t\t\t<ul class=\"elementor-icon-list-items\">\n\t\t\t\t\t\t\t<li class=\"elementor-icon-list-item\">\n\t\t\t\t\t\t\t\t\t\t\t<span class=\"elementor-icon-list-icon\">\n\t\t\t\t\t\t\t<svg aria-hidden=\"true\" class=\"e-font-icon-svg e-fas-user-circle\" viewbox=\"0 0 496 512\" xmlns=\"http:\/\/www.w3.org\/2000\/svg\"><path d=\"M248 8C111 8 0 119 0 256s111 248 248 248 248-111 248-248S385 8 248 8zm0 96c48.6 0 88 39.4 88 88s-39.4 88-88 88-88-39.4-88-88 39.4-88 88-88zm0 344c-58.7 0-111.3-26.6-146.5-68.2 18.8-35.4 55.6-59.8 98.5-59.8 2.4 0 4.8.4 7.1 1.1 13 4.2 26.6 6.9 40.9 6.9 14.3 0 28-2.7 40.9-6.9 2.3-.7 4.7-1.1 7.1-1.1 42.9 0 79.7 24.4 98.5 59.8C359.3 421.4 306.7 448 248 448z\"><\/path><\/svg>\t\t\t\t\t\t<\/span>\n\t\t\t\t\t\t\t\t\t\t<span class=\"elementor-icon-list-text\">Hauptamt<\/span>\n\t\t\t\t\t\t\t\t\t<\/li>\n\t\t\t\t\t\t\t\t<li class=\"elementor-icon-list-item\">\n\t\t\t\t\t\t\t\t\t\t\t<span class=\"elementor-icon-list-icon\">\n\t\t\t\t\t\t\t<svg aria-hidden=\"true\" class=\"e-font-icon-svg e-fas-map-marker-alt\" viewbox=\"0 0 384 512\" xmlns=\"http:\/\/www.w3.org\/2000\/svg\"><path d=\"M172.268 501.67C26.97 291.031 0 269.413 0 192 0 85.961 85.961 0 192 0s192 85.961 192 192c0 77.413-26.97 99.031-172.268 309.67-9.535 13.774-29.93 13.773-39.464 0zM192 272c44.183 0 80-35.817 80-80s-35.817-80-80-80-80 35.817-80 80 35.817 80 80 80z\"><\/path><\/svg>\t\t\t\t\t\t<\/span>\n\t\t\t\t\t\t\t\t\t\t<span class=\"elementor-icon-list-text\">Am B\u00fcrgerzentrum 1  63584 Gr\u00fcndau<\/span>\n\t\t\t\t\t\t\t\t\t<\/li>\n\t\t\t\t\t\t\t\t<li class=\"elementor-icon-list-item\">\n\t\t\t\t\t\t\t\t\t\t\t<a href=\"tel:06051%208203-22\">\n\n\t\t\t\t\t\t\t\t\t\t\t\t<span class=\"elementor-icon-list-icon\">\n\t\t\t\t\t\t\t<svg aria-hidden=\"true\" class=\"e-font-icon-svg e-fas-phone-alt\" viewbox=\"0 0 512 512\" xmlns=\"http:\/\/www.w3.org\/2000\/svg\"><path d=\"M497.39 361.8l-112-48a24 24 0 0 0-28 6.9l-49.6 60.6A370.66 370.66 0 0 1 130.6 204.11l60.6-49.6a23.94 23.94 0 0 0 6.9-28l-48-112A24.16 24.16 0 0 0 122.6.61l-104 24A24 24 0 0 0 0 48c0 256.5 207.9 464 464 464a24 24 0 0 0 23.4-18.6l24-104a24.29 24.29 0 0 0-14.01-27.6z\"><\/path><\/svg>\t\t\t\t\t\t<\/span>\n\t\t\t\t\t\t\t\t\t\t<span class=\"elementor-icon-list-text\">06051 8203-22<\/span>\n\t\t\t\t\t\t\t\t\t\t\t<\/a>\n\t\t\t\t\t\t\t\t\t<\/li>\n\t\t\t\t\t\t\t\t<li class=\"elementor-icon-list-item\">\n\t\t\t\t\t\t\t\t\t\t\t<span class=\"elementor-icon-list-icon\">\n\t\t\t\t\t\t\t<svg aria-hidden=\"true\" class=\"e-font-icon-svg e-fas-fax\" viewbox=\"0 0 512 512\" xmlns=\"http:\/\/www.w3.org\/2000\/svg\"><path d=\"M480 160V77.25a32 32 0 0 0-9.38-22.63L425.37 9.37A32 32 0 0 0 402.75 0H160a32 32 0 0 0-32 32v448a32 32 0 0 0 32 32h320a32 32 0 0 0 32-32V192a32 32 0 0 0-32-32zM288 432a16 16 0 0 1-16 16h-32a16 16 0 0 1-16-16v-32a16 16 0 0 1 16-16h32a16 16 0 0 1 16 16zm0-128a16 16 0 0 1-16 16h-32a16 16 0 0 1-16-16v-32a16 16 0 0 1 16-16h32a16 16 0 0 1 16 16zm128 128a16 16 0 0 1-16 16h-32a16 16 0 0 1-16-16v-32a16 16 0 0 1 16-16h32a16 16 0 0 1 16 16zm0-128a16 16 0 0 1-16 16h-32a16 16 0 0 1-16-16v-32a16 16 0 0 1 16-16h32a16 16 0 0 1 16 16zm0-112H192V64h160v48a16 16 0 0 0 16 16h48zM64 128H32a32 32 0 0 0-32 32v320a32 32 0 0 0 32 32h32a32 32 0 0 0 32-32V160a32 32 0 0 0-32-32z\"><\/path><\/svg>\t\t\t\t\t\t<\/span>\n\t\t\t\t\t\t\t\t\t\t<span class=\"elementor-icon-list-text\">06051 8203-30<\/span>\n\t\t\t\t\t\t\t\t\t<\/li>\n\t\t\t\t\t\t\t\t<li class=\"elementor-icon-list-item\">\n\t\t\t\t\t\t\t\t\t\t\t<a href=\"mailto:karin.bien@gruendau.de\">\n\n\t\t\t\t\t\t\t\t\t\t\t\t<span class=\"elementor-icon-list-icon\">\n\t\t\t\t\t\t\t<svg aria-hidden=\"true\" class=\"e-font-icon-svg e-far-envelope\" viewbox=\"0 0 512 512\" xmlns=\"http:\/\/www.w3.org\/2000\/svg\"><path d=\"M464 64H48C21.49 64 0 85.49 0 112v288c0 26.51 21.49 48 48 48h416c26.51 0 48-21.49 48-48V112c0-26.51-21.49-48-48-48zm0 48v40.805c-22.422 18.259-58.168 46.651-134.587 106.49-16.841 13.247-50.201 45.072-73.413 44.701-23.208.375-56.579-31.459-73.413-44.701C106.18 199.465 70.425 171.067 48 152.805V112h416zM48 400V214.398c22.914 18.251 55.409 43.862 104.938 82.646 21.857 17.205 60.134 55.186 103.062 54.955 42.717.231 80.509-37.199 103.053-54.947 49.528-38.783 82.032-64.401 104.947-82.653V400H48z\"><\/path><\/svg>\t\t\t\t\t\t<\/span>\n\t\t\t\t\t\t\t\t\t\t<span class=\"elementor-icon-list-text\">karin.bien@gruendau.de<\/span>\n\t\t\t\t\t\t\t\t\t\t\t<\/a>\n\t\t\t\t\t\t\t\t\t<\/li>\n\t\t\t\t\t\t<\/ul>\n\t\t\t\t\t\t<\/div>\n\t\t\t\t<\/div>\n\t\t\t\t<\/div>\n\t\t\t\t<\/div>\n\t\t\t\t<\/div>\n\t\t\t\t\t<\/div>\n\t\t\t\t<\/div>\n\t\t\t\t<\/div>","protected":false},"excerpt":{"rendered":"<p>Finanzielle F\u00f6rderung von dorferneuernden Ma\u00dfnahmen Nach dem Beschluss der Gemeindevertretung vom 06.09.2021 f\u00f6rdert die Gemeinde Gr\u00fcndauin allen Ortsteilen aus gemeindlichen Haushaltsmitteln dorferneuernde Ma\u00dfnahmen, die den anliegenden Richtlinien entsprechen.Damit soll die Wohn- und Lebensqualit\u00e4t in den Ortslagen gest\u00e4rkt werden.Es werden Geb\u00e4ude gef\u00f6rdert, von denen wesentlich erkennbare Bauteile vor 1950 errichtet wurden. F\u00f6rderungsf\u00e4hige Ma\u00dfnahmen entnehmen Sie bitte [&hellip;]<\/p>\n","protected":false},"author":9,"featured_media":0,"parent":0,"menu_order":0,"comment_status":"closed","ping_status":"closed","template":"","meta":{"iawp_total_views":1,"footnotes":""},"categories":[],"tags":[],"class_list":["post-49154","page","type-page","status-publish","hentry"],"yoast_head":"<!-- This site is optimized with the Yoast SEO plugin v27.4 - https:\/\/yoast.com\/product\/yoast-seo-wordpress\/ -->\n<title>Dorferneuerung - Wie funktioniert die F\u00f6rderung? - Gemeinde Gr\u00fcndau<\/title>\n<meta name=\"robots\" content=\"index, follow, max-snippet:-1, max-image-preview:large, max-video-preview:-1\" \/>\n<link rel=\"canonical\" href=\"https:\/\/www.gruendau.info\/en\/dorferneuerung-wie-funktioniert-die-foerderung\/\" \/>\n<meta property=\"og:locale\" content=\"en_US\" \/>\n<meta property=\"og:type\" content=\"article\" \/>\n<meta property=\"og:title\" content=\"Dorferneuerung - Wie funktioniert die F\u00f6rderung? - Gemeinde Gr\u00fcndau\" \/>\n<meta property=\"og:description\" content=\"Finanzielle F\u00f6rderung von dorferneuernden Ma\u00dfnahmen Nach dem Beschluss der Gemeindevertretung vom 06.09.2021 f\u00f6rdert die Gemeinde Gr\u00fcndauin allen Ortsteilen aus gemeindlichen Haushaltsmitteln dorferneuernde Ma\u00dfnahmen, die den anliegenden Richtlinien entsprechen.Damit soll die Wohn- und Lebensqualit\u00e4t in den Ortslagen gest\u00e4rkt werden.Es werden Geb\u00e4ude gef\u00f6rdert, von denen wesentlich erkennbare Bauteile vor 1950 errichtet wurden. F\u00f6rderungsf\u00e4hige Ma\u00dfnahmen entnehmen Sie bitte [&hellip;]\" \/>\n<meta property=\"og:url\" content=\"https:\/\/www.gruendau.info\/en\/dorferneuerung-wie-funktioniert-die-foerderung\/\" \/>\n<meta property=\"og:site_name\" content=\"Gemeinde Gr\u00fcndau\" \/>\n<meta property=\"article:modified_time\" content=\"2026-04-16T08:26:51+00:00\" \/>\n<meta name=\"twitter:card\" content=\"summary_large_image\" \/>\n<meta name=\"twitter:label1\" content=\"Est. reading time\" \/>\n\t<meta name=\"twitter:data1\" content=\"1 minute\" \/>\n<script type=\"application\/ld+json\" class=\"yoast-schema-graph\">{\"@context\":\"https:\\\/\\\/schema.org\",\"@graph\":[{\"@type\":\"WebPage\",\"@id\":\"https:\\\/\\\/www.gruendau.info\\\/dorferneuerung-wie-funktioniert-die-foerderung\\\/\",\"url\":\"https:\\\/\\\/www.gruendau.info\\\/dorferneuerung-wie-funktioniert-die-foerderung\\\/\",\"name\":\"Dorferneuerung - Wie funktioniert die F\u00f6rderung? - Gemeinde Gr\u00fcndau\",\"isPartOf\":{\"@id\":\"https:\\\/\\\/www.gruendau.info\\\/#website\"},\"datePublished\":\"2025-11-08T19:10:34+00:00\",\"dateModified\":\"2026-04-16T08:26:51+00:00\",\"breadcrumb\":{\"@id\":\"https:\\\/\\\/www.gruendau.info\\\/dorferneuerung-wie-funktioniert-die-foerderung\\\/#breadcrumb\"},\"inLanguage\":\"en-US\",\"potentialAction\":[{\"@type\":\"ReadAction\",\"target\":[\"https:\\\/\\\/www.gruendau.info\\\/dorferneuerung-wie-funktioniert-die-foerderung\\\/\"]}]},{\"@type\":\"BreadcrumbList\",\"@id\":\"https:\\\/\\\/www.gruendau.info\\\/dorferneuerung-wie-funktioniert-die-foerderung\\\/#breadcrumb\",\"itemListElement\":[{\"@type\":\"ListItem\",\"position\":1,\"name\":\"Startseite\",\"item\":\"https:\\\/\\\/www.gruendau.info\\\/\"},{\"@type\":\"ListItem\",\"position\":2,\"name\":\"Dorferneuerung &#8211; Wie funktioniert die F\u00f6rderung?\"}]},{\"@type\":\"WebSite\",\"@id\":\"https:\\\/\\\/www.gruendau.info\\\/#website\",\"url\":\"https:\\\/\\\/www.gruendau.info\\\/\",\"name\":\"Gemeinde Gr\u00fcndau\",\"description\":\"Wir freuen uns \u00fcber Ihren Besuch auf unserer Website.\",\"publisher\":{\"@id\":\"https:\\\/\\\/www.gruendau.info\\\/#organization\"},\"potentialAction\":[{\"@type\":\"SearchAction\",\"target\":{\"@type\":\"EntryPoint\",\"urlTemplate\":\"https:\\\/\\\/www.gruendau.info\\\/?s={search_term_string}\"},\"query-input\":{\"@type\":\"PropertyValueSpecification\",\"valueRequired\":true,\"valueName\":\"search_term_string\"}}],\"inLanguage\":\"en-US\"},{\"@type\":\"Organization\",\"@id\":\"https:\\\/\\\/www.gruendau.info\\\/#organization\",\"name\":\"Gemeinde Gr\u00fcndau\",\"url\":\"https:\\\/\\\/www.gruendau.info\\\/\",\"logo\":{\"@type\":\"ImageObject\",\"inLanguage\":\"en-US\",\"@id\":\"https:\\\/\\\/www.gruendau.info\\\/#\\\/schema\\\/logo\\\/image\\\/\",\"url\":\"\",\"contentUrl\":\"\",\"caption\":\"Gemeinde Gr\u00fcndau\"},\"image\":{\"@id\":\"https:\\\/\\\/www.gruendau.info\\\/#\\\/schema\\\/logo\\\/image\\\/\"}}]}<\/script>\n<!-- \/ Yoast SEO plugin. -->","yoast_head_json":{"title":"Dorferneuerung - Wie funktioniert die F\u00f6rderung? - Gemeinde Gr\u00fcndau","robots":{"index":"index","follow":"follow","max-snippet":"max-snippet:-1","max-image-preview":"max-image-preview:large","max-video-preview":"max-video-preview:-1"},"canonical":"https:\/\/www.gruendau.info\/en\/dorferneuerung-wie-funktioniert-die-foerderung\/","og_locale":"en_US","og_type":"article","og_title":"Dorferneuerung - Wie funktioniert die F\u00f6rderung? - Gemeinde Gr\u00fcndau","og_description":"Finanzielle F\u00f6rderung von dorferneuernden Ma\u00dfnahmen Nach dem Beschluss der Gemeindevertretung vom 06.09.2021 f\u00f6rdert die Gemeinde Gr\u00fcndauin allen Ortsteilen aus gemeindlichen Haushaltsmitteln dorferneuernde Ma\u00dfnahmen, die den anliegenden Richtlinien entsprechen.Damit soll die Wohn- und Lebensqualit\u00e4t in den Ortslagen gest\u00e4rkt werden.Es werden Geb\u00e4ude gef\u00f6rdert, von denen wesentlich erkennbare Bauteile vor 1950 errichtet wurden. F\u00f6rderungsf\u00e4hige Ma\u00dfnahmen entnehmen Sie bitte [&hellip;]","og_url":"https:\/\/www.gruendau.info\/en\/dorferneuerung-wie-funktioniert-die-foerderung\/","og_site_name":"Gemeinde Gr\u00fcndau","article_modified_time":"2026-04-16T08:26:51+00:00","twitter_card":"summary_large_image","twitter_misc":{"Est. reading time":"1 minute"},"schema":{"@context":"https:\/\/schema.org","@graph":[{"@type":"WebPage","@id":"https:\/\/www.gruendau.info\/dorferneuerung-wie-funktioniert-die-foerderung\/","url":"https:\/\/www.gruendau.info\/dorferneuerung-wie-funktioniert-die-foerderung\/","name":"Dorferneuerung - Wie funktioniert die F\u00f6rderung? - Gemeinde Gr\u00fcndau","isPartOf":{"@id":"https:\/\/www.gruendau.info\/#website"},"datePublished":"2025-11-08T19:10:34+00:00","dateModified":"2026-04-16T08:26:51+00:00","breadcrumb":{"@id":"https:\/\/www.gruendau.info\/dorferneuerung-wie-funktioniert-die-foerderung\/#breadcrumb"},"inLanguage":"en-US","potentialAction":[{"@type":"ReadAction","target":["https:\/\/www.gruendau.info\/dorferneuerung-wie-funktioniert-die-foerderung\/"]}]},{"@type":"BreadcrumbList","@id":"https:\/\/www.gruendau.info\/dorferneuerung-wie-funktioniert-die-foerderung\/#breadcrumb","itemListElement":[{"@type":"ListItem","position":1,"name":"Startseite","item":"https:\/\/www.gruendau.info\/"},{"@type":"ListItem","position":2,"name":"Dorferneuerung &#8211; Wie funktioniert die F\u00f6rderung?"}]},{"@type":"WebSite","@id":"https:\/\/www.gruendau.info\/#website","url":"https:\/\/www.gruendau.info\/","name":"Gemeinde Gr\u00fcndau","description":"Wir freuen uns \u00fcber Ihren Besuch auf unserer Website.","publisher":{"@id":"https:\/\/www.gruendau.info\/#organization"},"potentialAction":[{"@type":"SearchAction","target":{"@type":"EntryPoint","urlTemplate":"https:\/\/www.gruendau.info\/?s={search_term_string}"},"query-input":{"@type":"PropertyValueSpecification","valueRequired":true,"valueName":"search_term_string"}}],"inLanguage":"en-US"},{"@type":"Organization","@id":"https:\/\/www.gruendau.info\/#organization","name":"Gemeinde Gr\u00fcndau","url":"https:\/\/www.gruendau.info\/","logo":{"@type":"ImageObject","inLanguage":"en-US","@id":"https:\/\/www.gruendau.info\/#\/schema\/logo\/image\/","url":"","contentUrl":"","caption":"Gemeinde Gr\u00fcndau"},"image":{"@id":"https:\/\/www.gruendau.info\/#\/schema\/logo\/image\/"}}]}},"_links":{"self":[{"href":"https:\/\/www.gruendau.info\/en\/wp-json\/wp\/v2\/pages\/49154","targetHints":{"allow":["GET"]}}],"collection":[{"href":"https:\/\/www.gruendau.info\/en\/wp-json\/wp\/v2\/pages"}],"about":[{"href":"https:\/\/www.gruendau.info\/en\/wp-json\/wp\/v2\/types\/page"}],"author":[{"embeddable":true,"href":"https:\/\/www.gruendau.info\/en\/wp-json\/wp\/v2\/users\/9"}],"replies":[{"embeddable":true,"href":"https:\/\/www.gruendau.info\/en\/wp-json\/wp\/v2\/comments?post=49154"}],"version-history":[{"count":6,"href":"https:\/\/www.gruendau.info\/en\/wp-json\/wp\/v2\/pages\/49154\/revisions"}],"predecessor-version":[{"id":53545,"href":"https:\/\/www.gruendau.info\/en\/wp-json\/wp\/v2\/pages\/49154\/revisions\/53545"}],"wp:attachment":[{"href":"https:\/\/www.gruendau.info\/en\/wp-json\/wp\/v2\/media?parent=49154"}],"wp:term":[{"taxonomy":"category","embeddable":true,"href":"https:\/\/www.gruendau.info\/en\/wp-json\/wp\/v2\/categories?post=49154"},{"taxonomy":"post_tag","embeddable":true,"href":"https:\/\/www.gruendau.info\/en\/wp-json\/wp\/v2\/tags?post=49154"}],"curies":[{"name":"wp","href":"https:\/\/api.w.org\/{rel}","templated":true}]}}