{"id":53268,"date":"2026-04-08T15:07:35","date_gmt":"2026-04-08T13:07:35","guid":{"rendered":"https:\/\/gruendau.gemeinde-entwickler.de\/?page_id=53268"},"modified":"2026-04-08T15:08:35","modified_gmt":"2026-04-08T13:08:35","slug":"neues-aus-dem-rathaus","status":"publish","type":"page","link":"https:\/\/www.gruendau.info\/en\/neues-aus-dem-rathaus\/","title":{"rendered":"Neues aus dem Rathaus"},"content":{"rendered":"\t\t<div data-elementor-type=\"wp-page\" data-elementor-id=\"53268\" class=\"elementor elementor-53268\" data-elementor-post-type=\"page\">\n\t\t\t\t<div class=\"elementor-element elementor-element-c419f65 elementor-repeater-item-ang_container_padding_3 sk-dark-bg e-flex e-con-boxed elementor-repeater-item-none elementor-repeater-item-none_hover e-con e-parent\" data-id=\"c419f65\" data-element_type=\"container\" data-e-type=\"container\" data-settings=\"{&quot;jet_parallax_layout_list&quot;:[],&quot;background_background&quot;:&quot;classic&quot;,&quot;ang_container_spacing_size&quot;:&quot;ang_container_padding_3&quot;}\">\n\t\t\t\t\t<div class=\"e-con-inner\">\n\t\t\t\t<div class=\"elementor-element elementor-element-ae789e0 elementor-repeater-item-none elementor-repeater-item-none_hover elementor-widget elementor-widget-shortcode\" data-id=\"ae789e0\" data-element_type=\"widget\" data-e-type=\"widget\" data-widget_type=\"shortcode.default\">\n\t\t\t\t<div class=\"elementor-widget-container\">\n\t\t\t\t\t\t\t<div class=\"elementor-shortcode\"><div id=\"gemeinde-news-69ebaaebf1ae8\" class=\"gemeinde-news-container gemeinde-news-ssr gemeinde-news-ssr-advanced cols-3 cols-mobile-1 cols-tablet-2 cols-desktop-3\" data-columns-mobile=\"1\" data-columns-tablet=\"2\" data-columns-desktop=\"3\" data-pagination=\"true\" data-ssr-proxy=\"true\" data-limit=\"6\" data-status=\"PUBLISHED\" data-post-type=\"NEWS\" data-advanced-filter='{&quot;conditions&quot;:[{&quot;field&quot;:&quot;orgId&quot;,&quot;op&quot;:&quot;include&quot;,&quot;value&quot;:[&quot;b054d256-f04f-4eb9-8ae3-2db78a8ea2d0&quot;,&quot;1ecafcab-2d80-46b1-8323-cd1111bd1c5e&quot;]}]}' data-sort-direction=\"DESC\" data-ajax-url=\"https:\/\/www.gruendau.info\/wp-admin\/admin-ajax.php\" data-nonce=\"0c5f00f935\"><div class=\"gemeinde-news-ssr-content\"><style>\n.news-item .news-type {\n    background-color: var(--e-global-color-sk_color_5, #007cba);\n    padding: 4px 8px;\n    border-radius: 4px;\n    font-size: 12px;\n    color: white;\n    position: absolute;\n    top: 15px;\n    right:15px;\n}\n.news-item .excerpt{\n   font-size:1rem;\n}\n\n.news-item a {\n    margin: 20px;\n    text-decoration: none;\n    font-size: 12px;\n    font-weight: 600;\n    margin-top: 10px;\n    display: inline-block;\n    color: var(--e-global-color-sk_color_5, #007cba);\n    padding: 8px 16px;\n    border-radius: 4px;\n    position: absolute;\n    bottom: 0;\n    left: 0;\n}\n.news-item a:hover{\n  color: black;\n    transform: translateY(-1px);\n}\n\n.news-item .news-header {\n    margin-bottom: 10px;\n    display: flex;\n    justify-content: space-between;\n    align-items: center;\n}\n\n.news-item .news-title {\n    font-size: 1.3rem;\n    font-weight: 500;\n    margin: 0;\n}\n.news-item:hover{\nborder-color: var(--e-global-color-sk_color_5);\n}\n.news-item {\n  transition: all 0.2s ease-in;\nborder: 2px solid #0000001a;\n    position: relative;\n    min-height: 450px;\n    overflow: hidden;\n    margin-bottom: 20px;\n    border-radius: 8px;\n  background: white;\n}\n\n.news-item .news-item-inner {\ndisplay:flex;\nflex-direction:column;\ngap:5px;\n    padding: 1.5em;\n}\n\n.news-item .news-thumbnail {\n    width: 100%;\n    overflow: hidden;\n    height: 200px;\n    object-fit: cover;\n}\n\n.news-item .news-thumbnail img {\n    height: 100%;\n    width: 100%;\n    object-fit: cover;\n} \n.news-item .news-read-more {\n    margin: 15px;\n    text-decoration: none;\n    font-size: 1rem;\n    font-weight: 400;\n    text-align: right;\n    background-color: transparent;\n    color: var(--e-global-color-sk_color_5, #007cba);\n    padding: 8px 16px;\n    position: absolute;\n    bottom: 0;\n    right: 0;\n}\n<\/style>\n\n<div class=\"gemeinde-news-grid\" data-pagination='{\"total\":52,\"page\":1,\"limit\":6,\"totalPages\":9}'><article class=\"news-item\">  <div class=\"news-thumbnail\"> \n    <img decoding=\"async\" src=\"https:\/\/nbg1.your-objectstorage.com\/townhall\/workspace-53\/news\/thumbnails\/7447a33d.webp\"> \n    <span class=\"news-type\">Nachrichten<\/span>\n<\/div><div class=\"news-item-inner\">\n        <div class=\"news-header\">\n            <h5 class=\"news-title\">Er\u00f6ffnung der neuen \"Halle der Begegnung\" in Mittel-Gr\u00fcndau<\/h5> \n\n        <\/div>\n<p class=\"excerpt\">Am morgigen Freitag, 24.04.2026, wird die neu erbaute \"Halle der Begegnung\" nach Abschluss aller Bau...<\/p>\n        <div class=\"news-excerpt\">  <\/div>\n    <\/div> <a class=\"news-read-more\" href=\"\/neuigkeiten\/erffnung-der-neuen-halle-der-begegnung-in-mittel-grndau-6bfa0074\/\">mehr lesen<\/a>\n<\/article><article class=\"news-item\">  <div class=\"news-thumbnail\"> \n    <img decoding=\"async\" src=\"https:\/\/nbg1.your-objectstorage.com\/townhall\/workspace-53\/news\/thumbnails\/ce06a7b6.webp\" alt=\"B\u00fcrgerb\u00fcro am Mittwoch, den 22.04.2026  geschlossen\"> \n    <span class=\"news-type\">Nachrichten<\/span>\n<\/div><div class=\"news-item-inner\">\n        <div class=\"news-header\">\n            <h5 class=\"news-title\">B\u00fcrgerb\u00fcro am Mittwoch, den 22.04.2026  geschlossen<\/h5> \n\n        <\/div>\n<p class=\"excerpt\">Bitte beachten: Am Mittwoch, den 22.04.2026, bleibt das B\u00fcrgerb\u00fcro geschlossen.\n\u00a0\nAb Donnerstag, den...<\/p>\n        <div class=\"news-excerpt\">  <\/div>\n    <\/div> <a class=\"news-read-more\" href=\"\/neuigkeiten\/brgerbro-am-mittwoch-den-22042026-geschlossen-204201f8\/\">mehr lesen<\/a>\n<\/article><article class=\"news-item\">  <div class=\"news-thumbnail\"> \n    <img decoding=\"async\" src=\"https:\/\/nbg1.your-objectstorage.com\/townhall\/workspace-53\/news\/thumbnails\/8b2fc888.webp\" alt=\"\ud83c\udf3f Geh\u00f6lzschnitt-Sammlung im April \u2013 Termine beachten\"> \n    <span class=\"news-type\">Nachrichten<\/span>\n<\/div><div class=\"news-item-inner\">\n        <div class=\"news-header\">\n            <h5 class=\"news-title\">\ud83c\udf3f Geh\u00f6lzschnitt-Sammlung im April \u2013 Termine beachten<\/h5> \n\n        <\/div>\n<p class=\"excerpt\">Die Gemeinde Gr\u00fcndau f\u00fchrt in der 17. Kalenderwoche die Sammlung von Geh\u00f6lzschnitt durch. Abgeholt w...<\/p>\n        <div class=\"news-excerpt\">  <\/div>\n    <\/div> <a class=\"news-read-more\" href=\"\/neuigkeiten\/gehlzschnitt-sammlung-im-april-termine-beachten-8154a2ec\/\">mehr lesen<\/a>\n<\/article><article class=\"news-item\">  <div class=\"news-thumbnail\"> \n    <img decoding=\"async\" src=\"https:\/\/nbg1.your-objectstorage.com\/townhall\/workspace-53\/news\/thumbnails\/8f2ecf75.webp\" alt=\"Gelungener Auftakt f\u00fcr \u201eDonnerstags im Park\u201c\"> \n    <span class=\"news-type\">Nachrichten<\/span>\n<\/div><div class=\"news-item-inner\">\n        <div class=\"news-header\">\n            <h5 class=\"news-title\">Gelungener Auftakt f\u00fcr \u201eDonnerstags im Park\u201c<\/h5> \n\n        <\/div>\n<p class=\"excerpt\">Was f\u00fcr ein Start: Der Auftakt der Veranstaltungsreihe \u201eDonnerstags im Park\u201c am 16. April hat die Er...<\/p>\n        <div class=\"news-excerpt\">  <\/div>\n    <\/div> <a class=\"news-read-more\" href=\"\/neuigkeiten\/gelungener-auftakt-fr-donnerstags-im-park-dc161098\/\">mehr lesen<\/a>\n<\/article><article class=\"news-item\">  <div class=\"news-thumbnail\"> \n    <img decoding=\"async\" src=\"https:\/\/nbg1.your-objectstorage.com\/townhall\/workspace-53\/news\/thumbnails\/2b8bbcbe.webp\" alt=\"Morgen schon was vor? \ud83c\udf79\ud83c\udf55\"> \n    <span class=\"news-type\">Nachrichten<\/span>\n<\/div><div class=\"news-item-inner\">\n        <div class=\"news-header\">\n            <h5 class=\"news-title\">Morgen schon was vor? \ud83c\udf79\ud83c\udf55<\/h5> \n\n        <\/div>\n<p class=\"excerpt\">\u201eDonnerstags im Park\u201c startet am 16. April! \ud83c\udf33\u2728\nFreut Euch auf leckere Cocktails, ein k\u00fchles Bier, P...<\/p>\n        <div class=\"news-excerpt\">  <\/div>\n    <\/div> <a class=\"news-read-more\" href=\"\/neuigkeiten\/morgen-schon-was-vor-ddb1e61c\/\">mehr lesen<\/a>\n<\/article><article class=\"news-item\">  <div class=\"news-thumbnail\"> \n    <img decoding=\"async\" src=\"https:\/\/nbg1.your-objectstorage.com\/townhall\/workspace-53\/news\/thumbnails\/27202633.webp\" alt=\"Rund 1.000 Biker setzen starkes Zeichen f\u00fcr Gemeinschaft und Sicherheit\"> \n    <span class=\"news-type\">Nachrichten<\/span>\n<\/div><div class=\"news-item-inner\">\n        <div class=\"news-header\">\n            <h5 class=\"news-title\">Rund 1.000 Biker setzen starkes Zeichen f\u00fcr Gemeinschaft und Sicherheit<\/h5> \n\n        <\/div>\n<p class=\"excerpt\">Am Sonntag, den 12. April 2026, versammelten sich rund 1.000 Motorradfahrerinnen und -fahrer zum tra...<\/p>\n        <div class=\"news-excerpt\">  <\/div>\n    <\/div> <a class=\"news-read-more\" href=\"\/neuigkeiten\/rund-1000-biker-setzen-starkes-zeichen-fr-gemeinschaft-und-sicherheit-25112741\/\">mehr lesen<\/a>\n<\/article><\/div><\/div><div class=\"gemeinde-news-pagination ssr\"><span class=\"pagination-button active\">1<\/span><a class=\"pagination-button\" href=\"javascript:void(0)\" data-page=\"2\" role=\"button\" aria-label=\"Seite 2\" onclick=\"return window.gemeindePaginateClick&amp;&amp;window.gemeindePaginateClick(this,event);\">2<\/a><span class=\"pagination-button ellipsis\" aria-hidden=\"true\">...<\/span><a class=\"pagination-button\" href=\"javascript:void(0)\" data-page=\"9\" role=\"button\" aria-label=\"Seite 9\" onclick=\"return window.gemeindePaginateClick&amp;&amp;window.gemeindePaginateClick(this,event);\">9<\/a><a class=\"pagination-button next\" href=\"javascript:void(0)\" data-page=\"2\" role=\"button\" aria-label=\"Weiter\" onclick=\"return window.gemeindePaginateClick&amp;&amp;window.gemeindePaginateClick(this,event);\">Weiter \u2192<\/a><\/div><script>(function(){\nwindow.gemeindePaginateClick=function(link,ev){if(ev){ev.preventDefault();ev.stopPropagation();}var c=link.closest&&link.closest(\".gemeinde-news-container\");if(!c)return false;var page=parseInt(link.getAttribute(\"data-page\")||\"0\",10)||1;var fd=new FormData();fd.append(\"action\",\"gemeinde_news_frontend\");fd.append(\"nonce\",c.dataset.nonce||\"\");fd.append(\"subaction\",\"get_ssr_listing\");fd.append(\"page\",String(page));if(c.dataset.limit){fd.append(\"limit\",c.dataset.limit);}fd.append(\"status\",c.dataset.status||\"PUBLISHED\");fd.append(\"postType\",c.dataset.postType||\"NEWS\");if(c.dataset.newsTypes){fd.append(\"typeId\",c.dataset.newsTypes);}else if(c.dataset.typeId){fd.append(\"typeId\",c.dataset.typeId);}if(c.dataset.templateId){fd.append(\"templateId\",c.dataset.templateId);}if(c.dataset.fromDate){fd.append(\"fromDate\",c.dataset.fromDate);}if(c.dataset.toDate){fd.append(\"toDate\",c.dataset.toDate);}if(c.dataset.eventCategories){fd.append(\"categoryId\",c.dataset.eventCategories);}if(c.dataset.sortBy){fd.append(\"sortBy\",c.dataset.sortBy);}if(c.dataset.sortDirection){fd.append(\"sortDirection\",c.dataset.sortDirection);}if(c.dataset.advancedFilter){fd.append(\"advancedFilter\",c.dataset.advancedFilter);}c.classList.add(\"is-loading\");var ajaxUrl=(c.dataset.ajaxUrl||\"https:\/\/www.gruendau.info\/wp-admin\/admin-ajax.php\");fetch(ajaxUrl,{method:\"POST\",credentials:\"same-origin\",body:fd}).then(function(r){return r.json();}).then(function(resp){c.classList.remove(\"is-loading\");if(!resp||!resp.success||!resp.data){return;}var content=c.querySelector(\".gemeinde-news-ssr-content\");var pag=c.querySelector(\".gemeinde-news-pagination\");if(content&&resp.data.html){content.innerHTML=resp.data.html;}if(resp.data.paginationHtml&&pag){pag.innerHTML=resp.data.paginationHtml;}if(pag){var as=pag.querySelectorAll(\"a\");as.forEach(function(a){var p=parseInt(a.getAttribute(\"data-page\")||\"1\",10)||1;a.setAttribute(\"data-page\",String(p));a.setAttribute(\"href\",\"javascript:void(0)\");a.onclick=function(e){e.preventDefault();window.gemeindePaginateClick(this,e);return false;};});}try{var u=new URL(window.location.href);u.searchParams.set(\"seite\",(resp.data.pagination&&resp.data.pagination.page)?resp.data.pagination.page:page);history.replaceState({},\"\",u.toString());}catch(e){}var y=c.getBoundingClientRect().top+window.scrollY-200;window.scrollTo({top:Math.max(0,y),behavior:\"smooth\"});}).catch(function(){c.classList.remove(\"is-loading\");});return false;};\ndocument.querySelectorAll(\".gemeinde-news-container.gemeinde-news-ssr .gemeinde-news-pagination a\").forEach(function(a){var p=parseInt(a.getAttribute(\"data-page\")||\"1\",10)||1;a.setAttribute(\"data-page\",String(p));a.setAttribute(\"href\",\"javascript:void(0)\");a.onclick=function(e){e.preventDefault();window.gemeindePaginateClick(this,e);return false;};});\n})();<\/script><\/div> <\/div>\n\t\t\t\t\t\t<\/div>\n\t\t\t\t<\/div>\n\t\t\t\t\t<\/div>\n\t\t\t\t<\/div>\n\t\t\t\t<\/div>\n\t\t","protected":false},"excerpt":{"rendered":"","protected":false},"author":9,"featured_media":0,"parent":0,"menu_order":0,"comment_status":"closed","ping_status":"closed","template":"","meta":{"iawp_total_views":6,"footnotes":""},"categories":[],"tags":[],"class_list":["post-53268","page","type-page","status-publish","hentry"],"yoast_head":"<!-- This site is optimized with the Yoast SEO plugin v27.4 - https:\/\/yoast.com\/product\/yoast-seo-wordpress\/ -->\n<title>Neues aus dem Rathaus - Gemeinde Gr\u00fcndau<\/title>\n<meta name=\"robots\" content=\"index, follow, max-snippet:-1, max-image-preview:large, max-video-preview:-1\" \/>\n<link rel=\"canonical\" href=\"https:\/\/www.gruendau.info\/en\/neues-aus-dem-rathaus\/\" \/>\n<meta property=\"og:locale\" content=\"en_US\" \/>\n<meta property=\"og:type\" content=\"article\" \/>\n<meta property=\"og:title\" content=\"Neues aus dem Rathaus - Gemeinde Gr\u00fcndau\" \/>\n<meta property=\"og:url\" content=\"https:\/\/www.gruendau.info\/en\/neues-aus-dem-rathaus\/\" \/>\n<meta property=\"og:site_name\" content=\"Gemeinde Gr\u00fcndau\" \/>\n<meta property=\"article:modified_time\" content=\"2026-04-08T13:08:35+00:00\" \/>\n<meta name=\"twitter:card\" content=\"summary_large_image\" \/>\n<script type=\"application\/ld+json\" class=\"yoast-schema-graph\">{\"@context\":\"https:\\\/\\\/schema.org\",\"@graph\":[{\"@type\":\"WebPage\",\"@id\":\"https:\\\/\\\/www.gruendau.info\\\/neues-aus-dem-rathaus\\\/\",\"url\":\"https:\\\/\\\/www.gruendau.info\\\/neues-aus-dem-rathaus\\\/\",\"name\":\"Neues aus dem Rathaus - Gemeinde Gr\u00fcndau\",\"isPartOf\":{\"@id\":\"https:\\\/\\\/www.gruendau.info\\\/#website\"},\"datePublished\":\"2026-04-08T13:07:35+00:00\",\"dateModified\":\"2026-04-08T13:08:35+00:00\",\"breadcrumb\":{\"@id\":\"https:\\\/\\\/www.gruendau.info\\\/neues-aus-dem-rathaus\\\/#breadcrumb\"},\"inLanguage\":\"en-US\",\"potentialAction\":[{\"@type\":\"ReadAction\",\"target\":[\"https:\\\/\\\/www.gruendau.info\\\/neues-aus-dem-rathaus\\\/\"]}]},{\"@type\":\"BreadcrumbList\",\"@id\":\"https:\\\/\\\/www.gruendau.info\\\/neues-aus-dem-rathaus\\\/#breadcrumb\",\"itemListElement\":[{\"@type\":\"ListItem\",\"position\":1,\"name\":\"Startseite\",\"item\":\"https:\\\/\\\/www.gruendau.info\\\/\"},{\"@type\":\"ListItem\",\"position\":2,\"name\":\"Neues aus dem Rathaus\"}]},{\"@type\":\"WebSite\",\"@id\":\"https:\\\/\\\/www.gruendau.info\\\/#website\",\"url\":\"https:\\\/\\\/www.gruendau.info\\\/\",\"name\":\"Gemeinde Gr\u00fcndau\",\"description\":\"Wir freuen uns \u00fcber Ihren Besuch auf unserer Website.\",\"publisher\":{\"@id\":\"https:\\\/\\\/www.gruendau.info\\\/#organization\"},\"potentialAction\":[{\"@type\":\"SearchAction\",\"target\":{\"@type\":\"EntryPoint\",\"urlTemplate\":\"https:\\\/\\\/www.gruendau.info\\\/?s={search_term_string}\"},\"query-input\":{\"@type\":\"PropertyValueSpecification\",\"valueRequired\":true,\"valueName\":\"search_term_string\"}}],\"inLanguage\":\"en-US\"},{\"@type\":\"Organization\",\"@id\":\"https:\\\/\\\/www.gruendau.info\\\/#organization\",\"name\":\"Gemeinde Gr\u00fcndau\",\"url\":\"https:\\\/\\\/www.gruendau.info\\\/\",\"logo\":{\"@type\":\"ImageObject\",\"inLanguage\":\"en-US\",\"@id\":\"https:\\\/\\\/www.gruendau.info\\\/#\\\/schema\\\/logo\\\/image\\\/\",\"url\":\"\",\"contentUrl\":\"\",\"caption\":\"Gemeinde Gr\u00fcndau\"},\"image\":{\"@id\":\"https:\\\/\\\/www.gruendau.info\\\/#\\\/schema\\\/logo\\\/image\\\/\"}}]}<\/script>\n<!-- \/ Yoast SEO plugin. -->","yoast_head_json":{"title":"Neues aus dem Rathaus - Gemeinde Gr\u00fcndau","robots":{"index":"index","follow":"follow","max-snippet":"max-snippet:-1","max-image-preview":"max-image-preview:large","max-video-preview":"max-video-preview:-1"},"canonical":"https:\/\/www.gruendau.info\/en\/neues-aus-dem-rathaus\/","og_locale":"en_US","og_type":"article","og_title":"Neues aus dem Rathaus - Gemeinde Gr\u00fcndau","og_url":"https:\/\/www.gruendau.info\/en\/neues-aus-dem-rathaus\/","og_site_name":"Gemeinde Gr\u00fcndau","article_modified_time":"2026-04-08T13:08:35+00:00","twitter_card":"summary_large_image","schema":{"@context":"https:\/\/schema.org","@graph":[{"@type":"WebPage","@id":"https:\/\/www.gruendau.info\/neues-aus-dem-rathaus\/","url":"https:\/\/www.gruendau.info\/neues-aus-dem-rathaus\/","name":"Neues aus dem Rathaus - Gemeinde Gr\u00fcndau","isPartOf":{"@id":"https:\/\/www.gruendau.info\/#website"},"datePublished":"2026-04-08T13:07:35+00:00","dateModified":"2026-04-08T13:08:35+00:00","breadcrumb":{"@id":"https:\/\/www.gruendau.info\/neues-aus-dem-rathaus\/#breadcrumb"},"inLanguage":"en-US","potentialAction":[{"@type":"ReadAction","target":["https:\/\/www.gruendau.info\/neues-aus-dem-rathaus\/"]}]},{"@type":"BreadcrumbList","@id":"https:\/\/www.gruendau.info\/neues-aus-dem-rathaus\/#breadcrumb","itemListElement":[{"@type":"ListItem","position":1,"name":"Startseite","item":"https:\/\/www.gruendau.info\/"},{"@type":"ListItem","position":2,"name":"Neues aus dem Rathaus"}]},{"@type":"WebSite","@id":"https:\/\/www.gruendau.info\/#website","url":"https:\/\/www.gruendau.info\/","name":"Gemeinde Gr\u00fcndau","description":"Wir freuen uns \u00fcber Ihren Besuch auf unserer Website.","publisher":{"@id":"https:\/\/www.gruendau.info\/#organization"},"potentialAction":[{"@type":"SearchAction","target":{"@type":"EntryPoint","urlTemplate":"https:\/\/www.gruendau.info\/?s={search_term_string}"},"query-input":{"@type":"PropertyValueSpecification","valueRequired":true,"valueName":"search_term_string"}}],"inLanguage":"en-US"},{"@type":"Organization","@id":"https:\/\/www.gruendau.info\/#organization","name":"Gemeinde Gr\u00fcndau","url":"https:\/\/www.gruendau.info\/","logo":{"@type":"ImageObject","inLanguage":"en-US","@id":"https:\/\/www.gruendau.info\/#\/schema\/logo\/image\/","url":"","contentUrl":"","caption":"Gemeinde Gr\u00fcndau"},"image":{"@id":"https:\/\/www.gruendau.info\/#\/schema\/logo\/image\/"}}]}},"_links":{"self":[{"href":"https:\/\/www.gruendau.info\/en\/wp-json\/wp\/v2\/pages\/53268","targetHints":{"allow":["GET"]}}],"collection":[{"href":"https:\/\/www.gruendau.info\/en\/wp-json\/wp\/v2\/pages"}],"about":[{"href":"https:\/\/www.gruendau.info\/en\/wp-json\/wp\/v2\/types\/page"}],"author":[{"embeddable":true,"href":"https:\/\/www.gruendau.info\/en\/wp-json\/wp\/v2\/users\/9"}],"replies":[{"embeddable":true,"href":"https:\/\/www.gruendau.info\/en\/wp-json\/wp\/v2\/comments?post=53268"}],"version-history":[{"count":7,"href":"https:\/\/www.gruendau.info\/en\/wp-json\/wp\/v2\/pages\/53268\/revisions"}],"predecessor-version":[{"id":53275,"href":"https:\/\/www.gruendau.info\/en\/wp-json\/wp\/v2\/pages\/53268\/revisions\/53275"}],"wp:attachment":[{"href":"https:\/\/www.gruendau.info\/en\/wp-json\/wp\/v2\/media?parent=53268"}],"wp:term":[{"taxonomy":"category","embeddable":true,"href":"https:\/\/www.gruendau.info\/en\/wp-json\/wp\/v2\/categories?post=53268"},{"taxonomy":"post_tag","embeddable":true,"href":"https:\/\/www.gruendau.info\/en\/wp-json\/wp\/v2\/tags?post=53268"}],"curies":[{"name":"wp","href":"https:\/\/api.w.org\/{rel}","templated":true}]}}