{"id":53517,"date":"2026-04-14T12:31:39","date_gmt":"2026-04-14T10:31:39","guid":{"rendered":"https:\/\/gruendau.gemeinde-entwickler.de\/?page_id=53517"},"modified":"2026-04-14T12:46:24","modified_gmt":"2026-04-14T10:46:24","slug":"wertstoffhof","status":"publish","type":"page","link":"https:\/\/www.gruendau.info\/en\/wertstoffhof\/","title":{"rendered":"Wertstoffhof"},"content":{"rendered":"<div data-elementor-type=\"wp-page\" data-elementor-id=\"53517\" class=\"elementor elementor-53517\" data-elementor-post-type=\"page\">\n\t\t\t\t<div class=\"elementor-element elementor-element-9be7fce elementor-repeater-item-ang_container_padding_3 sk-dark-bg e-flex e-con-boxed elementor-repeater-item-none elementor-repeater-item-none_hover e-con e-parent\" data-id=\"9be7fce\" data-element_type=\"container\" data-e-type=\"container\" data-settings=\"{&quot;jet_parallax_layout_list&quot;:[],&quot;ang_container_spacing_size&quot;:&quot;ang_container_padding_3&quot;,&quot;background_background&quot;:&quot;classic&quot;}\">\n\t\t\t\t\t<div class=\"e-con-inner\">\n\t\t<div class=\"elementor-element elementor-element-efc4f0d e-con-full elementor-repeater-item-ang_container_padding_4 elementor-repeater-item-shadow_2 sk-light-bg e-flex elementor-repeater-item-none_hover e-con e-child\" data-id=\"efc4f0d\" data-element_type=\"container\" data-e-type=\"container\" data-settings=\"{&quot;ang_container_spacing_size&quot;:&quot;ang_container_padding_4&quot;,&quot;background_background&quot;:&quot;classic&quot;,&quot;jet_parallax_layout_list&quot;:[],&quot;animation&quot;:&quot;none&quot;}\">\n\t\t\t\t<div class=\"elementor-element elementor-element-284142a elementor-widget__width-inherit elementor-repeater-item-none elementor-repeater-item-none_hover elementor-widget elementor-widget-heading\" data-id=\"284142a\" data-element_type=\"widget\" data-e-type=\"widget\" data-widget_type=\"heading.default\">\n\t\t\t\t<div class=\"elementor-widget-container\">\n\t\t\t\t\t<h2 class=\"elementor-heading-title elementor-size-default\">Wertstoffhof der Gemeinde Gr\u00fcndau<\/h2>\t\t\t\t<\/div>\n\t\t\t\t<\/div>\n\t\t\t\t<div class=\"elementor-element elementor-element-113a03a elementor-widget__width-inherit elementor-repeater-item-none elementor-repeater-item-none_hover elementor-widget elementor-widget-text-editor\" data-id=\"113a03a\" data-element_type=\"widget\" data-e-type=\"widget\" data-widget_type=\"text-editor.default\">\n\t\t\t\t<div class=\"elementor-widget-container\">\n\t\t\t\t\t\t\t\t\t<p style=\"font-weight: 400;\">Den Wertstoffhof der Gemeinde Gr\u00fcndau finden Sie hinter dem Rathaus in Gr\u00fcndau, im Ortsteil Lieblos.\u00a0<\/p><p>\u00a0<\/p><p style=\"font-weight: 400;\"><strong>Adresse:\u00a0<\/strong>Am\u00a0B\u00fcrgerzentrum 2, 63584\u00a0Gr\u00fcndau, OT\u00a0Lieblos<\/p><p>\u00a0<\/p><p>Die Nutzung des Wertstoffhofes ist f\u00fcr die Gr\u00fcndauer Privathaushalte frei. Die Geb\u00fchren werden \u00fcber die jeweilige Restm\u00fclltonne erhoben.<\/p><p>\u00a0<\/p><p><strong>\u00d6ffnungszeiten f\u00fcr die Anlieferung:<\/strong><\/p><p>\u00a0<\/p><p><strong>Donnerstag<\/strong>\u00a0 \u00a0 \u00a0 \u00a016:00 &#8211; 18:00 Uhr<br \/><strong>Samstag\u00a0<\/strong>\u00a0\u00a0\u00a0\u00a0\u00a0\u00a0\u00a0\u00a0\u00a0 \u00a0\u00a09:00 &#8211; 12:00 Uhr<\/p><p>\u00a0<\/p><p>An gesetzlichen Feiertagen in Hessen, sowie am 24. und 31. Dezember ist der Wertstoffhof geschlossen. Bitte beachten Sie die Pressemitteilung im Gelnh\u00e4user Boten bei Br\u00fcckentagen.<\/p><p data-start=\"117\" data-end=\"219\">\u00a0<\/p><p data-start=\"117\" data-end=\"219\"><strong data-start=\"117\" data-end=\"219\">F\u00fcr eine reibungslose Abfertigung auf dem Wertstoffhof bitten wir um Beachtung folgender Hinweise:<\/strong><\/p><p data-start=\"117\" data-end=\"219\">\u00a0<\/p><ul><li data-start=\"221\" data-end=\"347\">Bitte f\u00fchren Sie Ihren Personalausweis als Wohnortnachweis mit. Die Aufsichtsperson ist berechtigt, die Identit\u00e4t zu pr\u00fcfen.<\/li><li data-start=\"349\" data-end=\"525\">Am besten sortieren Sie bereits zu Hause beim Einladen alles \u00fcbersichtlich vor. Dies erm\u00f6glicht ein z\u00fcgiges Ausladen auf dem Wertstoffhof und verringert unn\u00f6tige Wartezeiten.<\/li><li data-start=\"527\" data-end=\"586\">Der Einlass ist bis 5 Minuten vor der Schlie\u00dfung m\u00f6glich.<\/li><\/ul><p data-start=\"588\" data-end=\"861\">\u00a0<\/p><p data-start=\"588\" data-end=\"861\"><strong data-start=\"588\" data-end=\"609\">Mengenbegrenzung:<\/strong><\/p><p data-start=\"588\" data-end=\"861\">\u00a0<\/p><ul><li data-start=\"588\" data-end=\"861\">Die Annahme erfolgt nur in haushalts\u00fcblichen Mengen, Haushaltsaufl\u00f6sungen sind ausgeschlossen. Um allen wartenden Tageskunden die Abgabe ihrer Abf\u00e4lle zu erm\u00f6glichen, sind einzelne Gro\u00dfanlieferungen sowie mehrfache Anfahrten pro Tag nicht gestattet.<\/li><li data-start=\"863\" data-end=\"1021\">Nicht angenommen werden TV- und Computerbildschirme, gro\u00dfe Elektroger\u00e4te (z. B. Waschmaschinen), Alt\u00f6l und gef\u00e4hrliche Abf\u00e4lle (siehe auch Schadstoffmobil).<\/li><li data-start=\"1023\" data-end=\"1074\">Den Anweisungen des Personals ist Folge zu leisten.<\/li><\/ul><p data-start=\"1081\" data-end=\"1138\">\u00a0<\/p><p data-start=\"1081\" data-end=\"1138\"><strong data-start=\"1081\" data-end=\"1138\">Folgende Abf\u00e4lle k\u00f6nnen kostenlos angeliefert werden:<\/strong><\/p><p data-start=\"1081\" data-end=\"1138\">\u00a0<\/p><ul data-start=\"1140\" data-end=\"2010\"><li data-section-id=\"nr9hmn\" data-start=\"1140\" data-end=\"1167\">Altpapier und Kartonage<\/li><li data-section-id=\"1t70aoy\" data-start=\"1168\" data-end=\"1198\">Eisenschrott und Altmetall<\/li><li data-section-id=\"3eigmn\" data-start=\"1199\" data-end=\"1315\">Elektro-Kleinger\u00e4te (z. B. Toaster, F\u00f6n, Elektrorasierer, Kaffeemaschine sowie andere Ger\u00e4te in \u00e4hnlicher Gr\u00f6\u00dfe)<\/li><li data-section-id=\"kdwv8b\" data-start=\"1316\" data-end=\"1391\">Altglas (Flaschen und Gl\u00e4ser, getrennt nach Wei\u00df-, Gr\u00fcn- und Braunglas)<\/li><li data-section-id=\"1wikk2z\" data-start=\"1392\" data-end=\"1440\">Korkmaterial (z. B. Korken von Weinflaschen)<\/li><li data-section-id=\"18tp3oj\" data-start=\"1441\" data-end=\"1569\">Compact Discs (CD, DVD) \u2013 eine Disc besteht zu 99 % aus dem Kunststoff Polycarbonat und kann sehr gut wiederverwertet werden<\/li><li data-section-id=\"kia3kp\" data-start=\"1570\" data-end=\"1635\">Polyurethan-Schaumdosen (z. B. Montageschaum, PU-Schaumdosen)<\/li><li data-section-id=\"14oq00v\" data-start=\"1636\" data-end=\"1752\">Unbehandelter Holzabfall (Holzm\u00f6bel aus Massiv- oder Pressholz ohne Fremdbauteile wie Glas, Plastik oder Metall)<\/li><li data-section-id=\"1qvyjg5\" data-start=\"1753\" data-end=\"1809\">Bauschutt (unbehandelt, max. 100 l bzw. ca. 5 Eimer)<\/li><li data-section-id=\"1l0gwtm\" data-start=\"1810\" data-end=\"1874\">Fette und \u00d6le (Frittierfett oder -\u00f6l aus der privaten K\u00fcche)<\/li><li data-section-id=\"1d2fike\" data-start=\"1875\" data-end=\"1888\">Batterien<\/li><li data-section-id=\"x323oy\" data-start=\"1889\" data-end=\"1965\">Leuchtstoffr\u00f6hren und Energiesparlampen (maximale Annahmemenge: 3 St\u00fcck)<\/li><li data-section-id=\"1jf4awy\" data-start=\"1966\" data-end=\"2010\">Altkleider (Container des DRK, OV Gr\u00fcndau)<\/li><\/ul><p>\u00a0<\/p><p>Haben Sie gr\u00f6\u00dfere Mengen, empfehlen wir Ihnen die Abfalldeponie in Gelnhausen-Hailer. Die Annahmemengen auf dem Gr\u00fcndauer Wertstoffhof sind begrenzt.<\/p>\t\t\t\t\t\t\t\t<\/div>\n\t\t\t\t<\/div>\n\t\t\t\t<\/div>\n\t\t\t\t\t<\/div>\n\t\t\t\t<\/div>\n\t\t<div class=\"elementor-element elementor-element-d0cfb39 e-flex e-con-boxed elementor-repeater-item-default_padding elementor-repeater-item-none elementor-repeater-item-none_hover e-con e-parent\" data-id=\"d0cfb39\" data-element_type=\"container\" data-e-type=\"container\" data-settings=\"{&quot;jet_parallax_layout_list&quot;:[],&quot;ang_container_spacing_size&quot;:&quot;default_padding&quot;}\">\n\t\t\t\t\t<div class=\"e-con-inner\">\n\t\t<div class=\"elementor-element elementor-element-f98b006 e-con-full elementor-repeater-item-ang_container_padding_4 elementor-repeater-item-none_hover e-flex elementor-repeater-item-none e-con e-child\" data-id=\"f98b006\" data-element_type=\"container\" data-e-type=\"container\" data-settings=\"{&quot;ang_container_spacing_size&quot;:&quot;ang_container_padding_4&quot;,&quot;jet_parallax_layout_list&quot;:[]}\">\n\t\t<div class=\"elementor-element elementor-element-1362bd7 e-con-full e-flex elementor-repeater-item-default_padding elementor-repeater-item-none elementor-repeater-item-none_hover e-con e-child\" data-id=\"1362bd7\" data-element_type=\"container\" data-e-type=\"container\" data-settings=\"{&quot;jet_parallax_layout_list&quot;:[],&quot;ang_container_spacing_size&quot;:&quot;default_padding&quot;}\">\n\t\t\t\t<div class=\"elementor-element elementor-element-49f6cf1 elementor-repeater-item-none elementor-repeater-item-none_hover elementor-widget elementor-widget-heading\" data-id=\"49f6cf1\" data-element_type=\"widget\" data-e-type=\"widget\" data-widget_type=\"heading.default\">\n\t\t\t\t<div class=\"elementor-widget-container\">\n\t\t\t\t\t<h2 class=\"elementor-heading-title elementor-size-default\">Benjamin Vorbeck<\/h2>\t\t\t\t<\/div>\n\t\t\t\t<\/div>\n\t\t\t\t<\/div>\n\t\t<div class=\"elementor-element elementor-element-28390be e-con-full e-flex elementor-repeater-item-default_padding elementor-repeater-item-none elementor-repeater-item-none_hover e-con e-child\" data-id=\"28390be\" data-element_type=\"container\" data-e-type=\"container\" data-settings=\"{&quot;jet_parallax_layout_list&quot;:[],&quot;ang_container_spacing_size&quot;:&quot;default_padding&quot;}\">\n\t\t\t\t<div class=\"elementor-element elementor-element-c95723a elementor-icon-list--layout-traditional elementor-list-item-link-full_width elementor-repeater-item-none elementor-repeater-item-none_hover elementor-widget elementor-widget-icon-list\" data-id=\"c95723a\" data-element_type=\"widget\" data-e-type=\"widget\" data-widget_type=\"icon-list.default\">\n\t\t\t\t<div class=\"elementor-widget-container\">\n\t\t\t\t\t\t\t<ul class=\"elementor-icon-list-items\">\n\t\t\t\t\t\t\t<li class=\"elementor-icon-list-item\">\n\t\t\t\t\t\t\t\t\t\t\t<span class=\"elementor-icon-list-icon\">\n\t\t\t\t\t\t\t<svg aria-hidden=\"true\" class=\"e-font-icon-svg e-fas-user-circle\" viewbox=\"0 0 496 512\" xmlns=\"http:\/\/www.w3.org\/2000\/svg\"><path d=\"M248 8C111 8 0 119 0 256s111 248 248 248 248-111 248-248S385 8 248 8zm0 96c48.6 0 88 39.4 88 88s-39.4 88-88 88-88-39.4-88-88 39.4-88 88-88zm0 344c-58.7 0-111.3-26.6-146.5-68.2 18.8-35.4 55.6-59.8 98.5-59.8 2.4 0 4.8.4 7.1 1.1 13 4.2 26.6 6.9 40.9 6.9 14.3 0 28-2.7 40.9-6.9 2.3-.7 4.7-1.1 7.1-1.1 42.9 0 79.7 24.4 98.5 59.8C359.3 421.4 306.7 448 248 448z\"><\/path><\/svg>\t\t\t\t\t\t<\/span>\n\t\t\t\t\t\t\t\t\t\t<span class=\"elementor-icon-list-text\"> Ordnungsamt<\/span>\n\t\t\t\t\t\t\t\t\t<\/li>\n\t\t\t\t\t\t\t\t<li class=\"elementor-icon-list-item\">\n\t\t\t\t\t\t\t\t\t\t\t<span class=\"elementor-icon-list-icon\">\n\t\t\t\t\t\t\t<svg aria-hidden=\"true\" class=\"e-font-icon-svg e-fas-map-marker-alt\" viewbox=\"0 0 384 512\" xmlns=\"http:\/\/www.w3.org\/2000\/svg\"><path d=\"M172.268 501.67C26.97 291.031 0 269.413 0 192 0 85.961 85.961 0 192 0s192 85.961 192 192c0 77.413-26.97 99.031-172.268 309.67-9.535 13.774-29.93 13.773-39.464 0zM192 272c44.183 0 80-35.817 80-80s-35.817-80-80-80-80 35.817-80 80 35.817 80 80 80z\"><\/path><\/svg>\t\t\t\t\t\t<\/span>\n\t\t\t\t\t\t\t\t\t\t<span class=\"elementor-icon-list-text\">Am B\u00fcrgerzentrum 1, 63584 Gr\u00fcndau<\/span>\n\t\t\t\t\t\t\t\t\t<\/li>\n\t\t\t\t\t\t\t\t<li class=\"elementor-icon-list-item\">\n\t\t\t\t\t\t\t\t\t\t\t<span class=\"elementor-icon-list-icon\">\n\t\t\t\t\t\t\t<svg aria-hidden=\"true\" class=\"e-font-icon-svg e-fas-phone-alt\" viewbox=\"0 0 512 512\" xmlns=\"http:\/\/www.w3.org\/2000\/svg\"><path d=\"M497.39 361.8l-112-48a24 24 0 0 0-28 6.9l-49.6 60.6A370.66 370.66 0 0 1 130.6 204.11l60.6-49.6a23.94 23.94 0 0 0 6.9-28l-48-112A24.16 24.16 0 0 0 122.6.61l-104 24A24 24 0 0 0 0 48c0 256.5 207.9 464 464 464a24 24 0 0 0 23.4-18.6l24-104a24.29 24.29 0 0 0-14.01-27.6z\"><\/path><\/svg>\t\t\t\t\t\t<\/span>\n\t\t\t\t\t\t\t\t\t\t<span class=\"elementor-icon-list-text\">06051 8203-37<\/span>\n\t\t\t\t\t\t\t\t\t<\/li>\n\t\t\t\t\t\t\t\t<li class=\"elementor-icon-list-item\">\n\t\t\t\t\t\t\t\t\t\t\t<span class=\"elementor-icon-list-icon\">\n\t\t\t\t\t\t\t<svg aria-hidden=\"true\" class=\"e-font-icon-svg e-far-envelope\" viewbox=\"0 0 512 512\" xmlns=\"http:\/\/www.w3.org\/2000\/svg\"><path d=\"M464 64H48C21.49 64 0 85.49 0 112v288c0 26.51 21.49 48 48 48h416c26.51 0 48-21.49 48-48V112c0-26.51-21.49-48-48-48zm0 48v40.805c-22.422 18.259-58.168 46.651-134.587 106.49-16.841 13.247-50.201 45.072-73.413 44.701-23.208.375-56.579-31.459-73.413-44.701C106.18 199.465 70.425 171.067 48 152.805V112h416zM48 400V214.398c22.914 18.251 55.409 43.862 104.938 82.646 21.857 17.205 60.134 55.186 103.062 54.955 42.717.231 80.509-37.199 103.053-54.947 49.528-38.783 82.032-64.401 104.947-82.653V400H48z\"><\/path><\/svg>\t\t\t\t\t\t<\/span>\n\t\t\t\t\t\t\t\t\t\t<span class=\"elementor-icon-list-text\">benjamin.vorbeck@gruendau.de<\/span>\n\t\t\t\t\t\t\t\t\t<\/li>\n\t\t\t\t\t\t\t\t<li class=\"elementor-icon-list-item\">\n\t\t\t\t\t\t\t\t\t\t\t<span class=\"elementor-icon-list-icon\">\n\t\t\t\t\t\t\t<svg aria-hidden=\"true\" class=\"e-font-icon-svg e-fas-fax\" viewbox=\"0 0 512 512\" xmlns=\"http:\/\/www.w3.org\/2000\/svg\"><path d=\"M480 160V77.25a32 32 0 0 0-9.38-22.63L425.37 9.37A32 32 0 0 0 402.75 0H160a32 32 0 0 0-32 32v448a32 32 0 0 0 32 32h320a32 32 0 0 0 32-32V192a32 32 0 0 0-32-32zM288 432a16 16 0 0 1-16 16h-32a16 16 0 0 1-16-16v-32a16 16 0 0 1 16-16h32a16 16 0 0 1 16 16zm0-128a16 16 0 0 1-16 16h-32a16 16 0 0 1-16-16v-32a16 16 0 0 1 16-16h32a16 16 0 0 1 16 16zm128 128a16 16 0 0 1-16 16h-32a16 16 0 0 1-16-16v-32a16 16 0 0 1 16-16h32a16 16 0 0 1 16 16zm0-128a16 16 0 0 1-16 16h-32a16 16 0 0 1-16-16v-32a16 16 0 0 1 16-16h32a16 16 0 0 1 16 16zm0-112H192V64h160v48a16 16 0 0 0 16 16h48zM64 128H32a32 32 0 0 0-32 32v320a32 32 0 0 0 32 32h32a32 32 0 0 0 32-32V160a32 32 0 0 0-32-32z\"><\/path><\/svg>\t\t\t\t\t\t<\/span>\n\t\t\t\t\t\t\t\t\t\t<span class=\"elementor-icon-list-text\">06051 8203-40<\/span>\n\t\t\t\t\t\t\t\t\t<\/li>\n\t\t\t\t\t\t<\/ul>\n\t\t\t\t\t\t<\/div>\n\t\t\t\t<\/div>\n\t\t\t\t<\/div>\n\t\t\t\t<\/div>\n\t\t\t\t\t<\/div>\n\t\t\t\t<\/div>\n\t\t\t\t<\/div>","protected":false},"excerpt":{"rendered":"<p>Wertstoffhof der Gemeinde Gr\u00fcndau Den Wertstoffhof der Gemeinde Gr\u00fcndau finden Sie hinter dem Rathaus in Gr\u00fcndau, im Ortsteil Lieblos.\u00a0 \u00a0 Adresse:\u00a0Am\u00a0B\u00fcrgerzentrum 2, 63584\u00a0Gr\u00fcndau, OT\u00a0Lieblos \u00a0 Die Nutzung des Wertstoffhofes ist f\u00fcr die Gr\u00fcndauer Privathaushalte frei. Die Geb\u00fchren werden \u00fcber die jeweilige Restm\u00fclltonne erhoben. \u00a0 \u00d6ffnungszeiten f\u00fcr die Anlieferung: \u00a0 Donnerstag\u00a0 \u00a0 \u00a0 \u00a016:00 &#8211; 18:00 [&hellip;]<\/p>\n","protected":false},"author":12,"featured_media":0,"parent":0,"menu_order":0,"comment_status":"closed","ping_status":"closed","template":"","meta":{"iawp_total_views":5,"footnotes":""},"categories":[],"tags":[],"class_list":["post-53517","page","type-page","status-publish","hentry"],"yoast_head":"<!-- This site is optimized with the Yoast SEO plugin v27.4 - https:\/\/yoast.com\/product\/yoast-seo-wordpress\/ -->\n<title>Wertstoffhof - Gemeinde Gr\u00fcndau<\/title>\n<meta name=\"robots\" content=\"index, follow, max-snippet:-1, max-image-preview:large, max-video-preview:-1\" \/>\n<link rel=\"canonical\" href=\"https:\/\/www.gruendau.info\/en\/wertstoffhof\/\" \/>\n<meta property=\"og:locale\" content=\"en_US\" \/>\n<meta property=\"og:type\" content=\"article\" \/>\n<meta property=\"og:title\" content=\"Wertstoffhof - Gemeinde Gr\u00fcndau\" \/>\n<meta property=\"og:description\" content=\"Wertstoffhof der Gemeinde Gr\u00fcndau Den Wertstoffhof der Gemeinde Gr\u00fcndau finden Sie hinter dem Rathaus in Gr\u00fcndau, im Ortsteil Lieblos.\u00a0 \u00a0 Adresse:\u00a0Am\u00a0B\u00fcrgerzentrum 2, 63584\u00a0Gr\u00fcndau, OT\u00a0Lieblos \u00a0 Die Nutzung des Wertstoffhofes ist f\u00fcr die Gr\u00fcndauer Privathaushalte frei. Die Geb\u00fchren werden \u00fcber die jeweilige Restm\u00fclltonne erhoben. \u00a0 \u00d6ffnungszeiten f\u00fcr die Anlieferung: \u00a0 Donnerstag\u00a0 \u00a0 \u00a0 \u00a016:00 &#8211; 18:00 [&hellip;]\" \/>\n<meta property=\"og:url\" content=\"https:\/\/www.gruendau.info\/en\/wertstoffhof\/\" \/>\n<meta property=\"og:site_name\" content=\"Gemeinde Gr\u00fcndau\" \/>\n<meta property=\"article:modified_time\" content=\"2026-04-14T10:46:24+00:00\" \/>\n<meta name=\"twitter:card\" content=\"summary_large_image\" \/>\n<meta name=\"twitter:label1\" content=\"Est. reading time\" \/>\n\t<meta name=\"twitter:data1\" content=\"2 minutes\" \/>\n<script type=\"application\/ld+json\" class=\"yoast-schema-graph\">{\"@context\":\"https:\\\/\\\/schema.org\",\"@graph\":[{\"@type\":\"WebPage\",\"@id\":\"https:\\\/\\\/www.gruendau.info\\\/wertstoffhof\\\/\",\"url\":\"https:\\\/\\\/www.gruendau.info\\\/wertstoffhof\\\/\",\"name\":\"Wertstoffhof - Gemeinde Gr\u00fcndau\",\"isPartOf\":{\"@id\":\"https:\\\/\\\/www.gruendau.info\\\/#website\"},\"datePublished\":\"2026-04-14T10:31:39+00:00\",\"dateModified\":\"2026-04-14T10:46:24+00:00\",\"breadcrumb\":{\"@id\":\"https:\\\/\\\/www.gruendau.info\\\/wertstoffhof\\\/#breadcrumb\"},\"inLanguage\":\"en-US\",\"potentialAction\":[{\"@type\":\"ReadAction\",\"target\":[\"https:\\\/\\\/www.gruendau.info\\\/wertstoffhof\\\/\"]}]},{\"@type\":\"BreadcrumbList\",\"@id\":\"https:\\\/\\\/www.gruendau.info\\\/wertstoffhof\\\/#breadcrumb\",\"itemListElement\":[{\"@type\":\"ListItem\",\"position\":1,\"name\":\"Startseite\",\"item\":\"https:\\\/\\\/www.gruendau.info\\\/\"},{\"@type\":\"ListItem\",\"position\":2,\"name\":\"Wertstoffhof\"}]},{\"@type\":\"WebSite\",\"@id\":\"https:\\\/\\\/www.gruendau.info\\\/#website\",\"url\":\"https:\\\/\\\/www.gruendau.info\\\/\",\"name\":\"Gemeinde Gr\u00fcndau\",\"description\":\"Wir freuen uns \u00fcber Ihren Besuch auf unserer Website.\",\"publisher\":{\"@id\":\"https:\\\/\\\/www.gruendau.info\\\/#organization\"},\"potentialAction\":[{\"@type\":\"SearchAction\",\"target\":{\"@type\":\"EntryPoint\",\"urlTemplate\":\"https:\\\/\\\/www.gruendau.info\\\/?s={search_term_string}\"},\"query-input\":{\"@type\":\"PropertyValueSpecification\",\"valueRequired\":true,\"valueName\":\"search_term_string\"}}],\"inLanguage\":\"en-US\"},{\"@type\":\"Organization\",\"@id\":\"https:\\\/\\\/www.gruendau.info\\\/#organization\",\"name\":\"Gemeinde Gr\u00fcndau\",\"url\":\"https:\\\/\\\/www.gruendau.info\\\/\",\"logo\":{\"@type\":\"ImageObject\",\"inLanguage\":\"en-US\",\"@id\":\"https:\\\/\\\/www.gruendau.info\\\/#\\\/schema\\\/logo\\\/image\\\/\",\"url\":\"\",\"contentUrl\":\"\",\"caption\":\"Gemeinde Gr\u00fcndau\"},\"image\":{\"@id\":\"https:\\\/\\\/www.gruendau.info\\\/#\\\/schema\\\/logo\\\/image\\\/\"}}]}<\/script>\n<!-- \/ Yoast SEO plugin. -->","yoast_head_json":{"title":"Wertstoffhof - Gemeinde Gr\u00fcndau","robots":{"index":"index","follow":"follow","max-snippet":"max-snippet:-1","max-image-preview":"max-image-preview:large","max-video-preview":"max-video-preview:-1"},"canonical":"https:\/\/www.gruendau.info\/en\/wertstoffhof\/","og_locale":"en_US","og_type":"article","og_title":"Wertstoffhof - Gemeinde Gr\u00fcndau","og_description":"Wertstoffhof der Gemeinde Gr\u00fcndau Den Wertstoffhof der Gemeinde Gr\u00fcndau finden Sie hinter dem Rathaus in Gr\u00fcndau, im Ortsteil Lieblos.\u00a0 \u00a0 Adresse:\u00a0Am\u00a0B\u00fcrgerzentrum 2, 63584\u00a0Gr\u00fcndau, OT\u00a0Lieblos \u00a0 Die Nutzung des Wertstoffhofes ist f\u00fcr die Gr\u00fcndauer Privathaushalte frei. Die Geb\u00fchren werden \u00fcber die jeweilige Restm\u00fclltonne erhoben. \u00a0 \u00d6ffnungszeiten f\u00fcr die Anlieferung: \u00a0 Donnerstag\u00a0 \u00a0 \u00a0 \u00a016:00 &#8211; 18:00 [&hellip;]","og_url":"https:\/\/www.gruendau.info\/en\/wertstoffhof\/","og_site_name":"Gemeinde Gr\u00fcndau","article_modified_time":"2026-04-14T10:46:24+00:00","twitter_card":"summary_large_image","twitter_misc":{"Est. reading time":"2 minutes"},"schema":{"@context":"https:\/\/schema.org","@graph":[{"@type":"WebPage","@id":"https:\/\/www.gruendau.info\/wertstoffhof\/","url":"https:\/\/www.gruendau.info\/wertstoffhof\/","name":"Wertstoffhof - Gemeinde Gr\u00fcndau","isPartOf":{"@id":"https:\/\/www.gruendau.info\/#website"},"datePublished":"2026-04-14T10:31:39+00:00","dateModified":"2026-04-14T10:46:24+00:00","breadcrumb":{"@id":"https:\/\/www.gruendau.info\/wertstoffhof\/#breadcrumb"},"inLanguage":"en-US","potentialAction":[{"@type":"ReadAction","target":["https:\/\/www.gruendau.info\/wertstoffhof\/"]}]},{"@type":"BreadcrumbList","@id":"https:\/\/www.gruendau.info\/wertstoffhof\/#breadcrumb","itemListElement":[{"@type":"ListItem","position":1,"name":"Startseite","item":"https:\/\/www.gruendau.info\/"},{"@type":"ListItem","position":2,"name":"Wertstoffhof"}]},{"@type":"WebSite","@id":"https:\/\/www.gruendau.info\/#website","url":"https:\/\/www.gruendau.info\/","name":"Gemeinde Gr\u00fcndau","description":"Wir freuen uns \u00fcber Ihren Besuch auf unserer Website.","publisher":{"@id":"https:\/\/www.gruendau.info\/#organization"},"potentialAction":[{"@type":"SearchAction","target":{"@type":"EntryPoint","urlTemplate":"https:\/\/www.gruendau.info\/?s={search_term_string}"},"query-input":{"@type":"PropertyValueSpecification","valueRequired":true,"valueName":"search_term_string"}}],"inLanguage":"en-US"},{"@type":"Organization","@id":"https:\/\/www.gruendau.info\/#organization","name":"Gemeinde Gr\u00fcndau","url":"https:\/\/www.gruendau.info\/","logo":{"@type":"ImageObject","inLanguage":"en-US","@id":"https:\/\/www.gruendau.info\/#\/schema\/logo\/image\/","url":"","contentUrl":"","caption":"Gemeinde Gr\u00fcndau"},"image":{"@id":"https:\/\/www.gruendau.info\/#\/schema\/logo\/image\/"}}]}},"_links":{"self":[{"href":"https:\/\/www.gruendau.info\/en\/wp-json\/wp\/v2\/pages\/53517","targetHints":{"allow":["GET"]}}],"collection":[{"href":"https:\/\/www.gruendau.info\/en\/wp-json\/wp\/v2\/pages"}],"about":[{"href":"https:\/\/www.gruendau.info\/en\/wp-json\/wp\/v2\/types\/page"}],"author":[{"embeddable":true,"href":"https:\/\/www.gruendau.info\/en\/wp-json\/wp\/v2\/users\/12"}],"replies":[{"embeddable":true,"href":"https:\/\/www.gruendau.info\/en\/wp-json\/wp\/v2\/comments?post=53517"}],"version-history":[{"count":10,"href":"https:\/\/www.gruendau.info\/en\/wp-json\/wp\/v2\/pages\/53517\/revisions"}],"predecessor-version":[{"id":53528,"href":"https:\/\/www.gruendau.info\/en\/wp-json\/wp\/v2\/pages\/53517\/revisions\/53528"}],"wp:attachment":[{"href":"https:\/\/www.gruendau.info\/en\/wp-json\/wp\/v2\/media?parent=53517"}],"wp:term":[{"taxonomy":"category","embeddable":true,"href":"https:\/\/www.gruendau.info\/en\/wp-json\/wp\/v2\/categories?post=53517"},{"taxonomy":"post_tag","embeddable":true,"href":"https:\/\/www.gruendau.info\/en\/wp-json\/wp\/v2\/tags?post=53517"}],"curies":[{"name":"wp","href":"https:\/\/api.w.org\/{rel}","templated":true}]}}